{"id":1283,"date":"2026-03-06T08:00:28","date_gmt":"2026-03-06T08:00:28","guid":{"rendered":"https:\/\/kentmedikalstore.com\/?post_type=product&#038;p=1283"},"modified":"2026-03-06T08:00:29","modified_gmt":"2026-03-06T08:00:29","slug":"wicromed-boksor-kirigi-ateli-orgu-lux-standart-size","status":"publish","type":"product","link":"https:\/\/kentmedikalstore.com\/?product=wicromed-boksor-kirigi-ateli-orgu-lux-standart-size","title":{"rendered":"Wicromed Boks\u00f6r K\u0131r\u0131\u011f\u0131 Ateli \u00d6rg\u00fc L\u00fcx Standart Size"},"content":{"rendered":"<h3>Wicromed Boks\u00f6r K\u0131r\u0131\u011f\u0131 Ateli \u00d6rg\u00fc L\u00fcx Standart Size<\/h3>\n<h1 class=\"product_title entry-title wd-entities-title\">Boks\u00f6r K\u0131r\u0131\u011f\u0131 Ateli<\/h1>\n<div class=\"woocommerce-product-details__short-description\">\n<p>Bilekte ve ser\u00e7e parmak ile y\u00fcz\u00fck parmaklarda stabilizasyon sa\u011flar. \u00dczerindeki c\u0131rt bantlar ile istenilen s\u0131k\u0131l\u0131kta ayarlanabilir. Maksimum stabilizasyon ve imobilizasyon i\u00e7in i\u00e7erisinde iki adet al\u00fcminyum atel vard\u0131r.<\/p>\n<h3 class=\"product-description-bold-title\">Endikasyonlar<\/h3>\n<ul>\n<li>MP eklem k\u0131r\u0131klar\u0131nda<\/li>\n<li>Cerrahi m\u00fcdahale sonras\u0131 rehabilitasyondan<\/li>\n<li>Standart Beden . S\/M\/L\/XL\/XXL\/XXL uyumludur<\/li>\n<\/ul>\n<\/div>\n","protected":false},"excerpt":{"rendered":"<p>Bilekte ve ser\u00e7e parmak ile y\u00fcz\u00fck parmaklarda stabilizasyon sa\u011flar. \u00dczerindeki c\u0131rt bantlar ile istenilen s\u0131k\u0131l\u0131kta ayarlanabilir. Maksimum stabilizasyon ve imobilizasyon i\u00e7in i\u00e7erisinde iki adet al\u00fcminyum atel vard\u0131r.<\/p>\n","protected":false},"featured_media":1284,"comment_status":"open","ping_status":"closed","template":"","meta":[],"product_brand":[92],"product_cat":[90],"product_tag":[],"class_list":{"0":"post-1283","1":"product","2":"type-product","3":"status-publish","4":"has-post-thumbnail","6":"product_brand-wicromed","7":"product_cat-ortopedi","9":"first","10":"instock","11":"shipping-taxable","12":"purchasable","13":"product-type-simple"},"_links":{"self":[{"href":"https:\/\/kentmedikalstore.com\/index.php?rest_route=\/wp\/v2\/product\/1283","targetHints":{"allow":["GET"]}}],"collection":[{"href":"https:\/\/kentmedikalstore.com\/index.php?rest_route=\/wp\/v2\/product"}],"about":[{"href":"https:\/\/kentmedikalstore.com\/index.php?rest_route=\/wp\/v2\/types\/product"}],"replies":[{"embeddable":true,"href":"https:\/\/kentmedikalstore.com\/index.php?rest_route=%2Fwp%2Fv2%2Fcomments&post=1283"}],"wp:featuredmedia":[{"embeddable":true,"href":"https:\/\/kentmedikalstore.com\/index.php?rest_route=\/wp\/v2\/media\/1284"}],"wp:attachment":[{"href":"https:\/\/kentmedikalstore.com\/index.php?rest_route=%2Fwp%2Fv2%2Fmedia&parent=1283"}],"wp:term":[{"taxonomy":"product_brand","embeddable":true,"href":"https:\/\/kentmedikalstore.com\/index.php?rest_route=%2Fwp%2Fv2%2Fproduct_brand&post=1283"},{"taxonomy":"product_cat","embeddable":true,"href":"https:\/\/kentmedikalstore.com\/index.php?rest_route=%2Fwp%2Fv2%2Fproduct_cat&post=1283"},{"taxonomy":"product_tag","embeddable":true,"href":"https:\/\/kentmedikalstore.com\/index.php?rest_route=%2Fwp%2Fv2%2Fproduct_tag&post=1283"}],"curies":[{"name":"wp","href":"https:\/\/api.w.org\/{rel}","templated":true}]}}