{"id":1281,"date":"2026-03-06T07:50:40","date_gmt":"2026-03-06T07:50:40","guid":{"rendered":"https:\/\/kentmedikalstore.com\/?post_type=product&#038;p=1281"},"modified":"2026-03-06T07:51:09","modified_gmt":"2026-03-06T07:51:09","slug":"kuteks-boyunluk-ayarlanabilir-bedenli-boyun-anatomisine-uygun-dizayn","status":"publish","type":"product","link":"https:\/\/kentmedikalstore.com\/?product=kuteks-boyunluk-ayarlanabilir-bedenli-boyun-anatomisine-uygun-dizayn","title":{"rendered":"Kuteks Boyunluk &#8211; Ayarlanabilir Bedenli &#8211; Boyun Anatomisine Uygun Dizayn"},"content":{"rendered":"<h3>Kuteks Boyunluk &#8211; Ayarlanabilir Bedenli &#8211; Boyun Anatomisine Uygun Dizayn<\/h3>\n<ul>\n<li>. Kuma\u015f Kaplamal\u0131 Ve \u00d6zel Anatomik \u015eekilli Dayan\u0131kl\u0131 S\u00fcnger Yap\u0131s\u0131 \u0130le Boynu Sarar Ve Sabitlenmesine Yard\u0131mc\u0131 Olur. \u0130stenen Boyun \u00c7evre \u00d6l\u00e7\u00fcs\u00fcne G\u00f6re Ayarlanabilir Ve Farkl\u0131 Bedenlere Uyum Sa\u011flar. Serin Rutubetsiz Ve Tozsuz Yerde Saklay\u0131n\u0131z. C\u0131rtl\u0131 Boyun Ayar\u0131. Dayan\u0131kl\u0131 Kuma\u015f Yap\u0131s\u0131.<\/li>\n<\/ul>\n","protected":false},"excerpt":{"rendered":"<p>Kuma\u015f Kaplamal\u0131 Ve \u00d6zel Anatomik \u015eekilli Dayan\u0131kl\u0131 S\u00fcnger Yap\u0131s\u0131 \u0130le Boynu Sarar Ve Sabitlenmesine Yard\u0131mc\u0131 Olur.<\/p>\n","protected":false},"featured_media":1282,"comment_status":"open","ping_status":"closed","template":"","meta":[],"product_brand":[89],"product_cat":[90],"product_tag":[],"class_list":{"0":"post-1281","1":"product","2":"type-product","3":"status-publish","4":"has-post-thumbnail","6":"product_brand-kuteks","7":"product_cat-ortopedi","9":"first","10":"instock","11":"shipping-taxable","12":"purchasable","13":"product-type-simple"},"_links":{"self":[{"href":"https:\/\/kentmedikalstore.com\/index.php?rest_route=\/wp\/v2\/product\/1281","targetHints":{"allow":["GET"]}}],"collection":[{"href":"https:\/\/kentmedikalstore.com\/index.php?rest_route=\/wp\/v2\/product"}],"about":[{"href":"https:\/\/kentmedikalstore.com\/index.php?rest_route=\/wp\/v2\/types\/product"}],"replies":[{"embeddable":true,"href":"https:\/\/kentmedikalstore.com\/index.php?rest_route=%2Fwp%2Fv2%2Fcomments&post=1281"}],"wp:featuredmedia":[{"embeddable":true,"href":"https:\/\/kentmedikalstore.com\/index.php?rest_route=\/wp\/v2\/media\/1282"}],"wp:attachment":[{"href":"https:\/\/kentmedikalstore.com\/index.php?rest_route=%2Fwp%2Fv2%2Fmedia&parent=1281"}],"wp:term":[{"taxonomy":"product_brand","embeddable":true,"href":"https:\/\/kentmedikalstore.com\/index.php?rest_route=%2Fwp%2Fv2%2Fproduct_brand&post=1281"},{"taxonomy":"product_cat","embeddable":true,"href":"https:\/\/kentmedikalstore.com\/index.php?rest_route=%2Fwp%2Fv2%2Fproduct_cat&post=1281"},{"taxonomy":"product_tag","embeddable":true,"href":"https:\/\/kentmedikalstore.com\/index.php?rest_route=%2Fwp%2Fv2%2Fproduct_tag&post=1281"}],"curies":[{"name":"wp","href":"https:\/\/api.w.org\/{rel}","templated":true}]}}