{"id":1277,"date":"2026-03-06T07:06:51","date_gmt":"2026-03-06T07:06:51","guid":{"rendered":"https:\/\/kentmedikalstore.com\/?post_type=product&#038;p=1277"},"modified":"2026-03-06T07:07:51","modified_gmt":"2026-03-06T07:07:51","slug":"luxor-basparmak-destekli-el-bilek-ateli-193-sag-el","status":"publish","type":"product","link":"https:\/\/kentmedikalstore.com\/?product=luxor-basparmak-destekli-el-bilek-ateli-193-sag-el","title":{"rendered":"Luxor Ba\u015fparmak Destekli El &#8211; Bilek Ateli 193 Sa\u011f El"},"content":{"rendered":"<p><strong>Luxor Ba\u015fparmak Destekli El &#8211; Bilek Ateli\u00a0 Sa\u011f El Sa\u011flak<\/strong><\/p>\n<p><em>KULLANIM TAL\u0130MATI:\u00a0<\/em>Ba\u015fparmak karpometakarpal ve metakarpofalangeal eklemlerini stabilize eder. Karpal t\u00fcnel sendromu ve el bile\u011finin a\u011fr\u0131l\u0131 durumlar\u0131nda immobiliazasyon sa\u011flar. Hava alabilen \u00f6zel airtex delikli kuma\u015ftan yap\u0131lm\u0131\u015ft\u0131r. Kullan\u0131m s\u00fcresi 6 ayd\u0131r.<\/p>\n<p><em>Y\u0131kama Talimat\u0131:<\/em>\u00a0So\u011fuk suda, sabunla ve elde y\u0131kanmas\u0131, iyice durulanmas\u0131 ve oda s\u0131cakl\u0131\u011f\u0131nda s\u0131kmadan kurutulmas\u0131 tavsiye edilir. \u00c7ama\u015f\u0131r veya kurutma makinesinde y\u0131katmay\u0131n\u0131z.<\/p>\n<pre>Luxor Ba\u015fparmak Destekli El-bilek Ateli<\/pre>\n","protected":false},"excerpt":{"rendered":"<p>Ba\u015fparmak karpometakarpal ve metakarpofalangeal eklemlerini stabilize eder.<\/p>\n","protected":false},"featured_media":1278,"comment_status":"open","ping_status":"closed","template":"","meta":[],"product_brand":[93],"product_cat":[90],"product_tag":[],"class_list":{"0":"post-1277","1":"product","2":"type-product","3":"status-publish","4":"has-post-thumbnail","6":"product_brand-luxor","7":"product_cat-ortopedi","9":"first","10":"instock","11":"shipping-taxable","12":"purchasable","13":"product-type-simple"},"_links":{"self":[{"href":"https:\/\/kentmedikalstore.com\/index.php?rest_route=\/wp\/v2\/product\/1277","targetHints":{"allow":["GET"]}}],"collection":[{"href":"https:\/\/kentmedikalstore.com\/index.php?rest_route=\/wp\/v2\/product"}],"about":[{"href":"https:\/\/kentmedikalstore.com\/index.php?rest_route=\/wp\/v2\/types\/product"}],"replies":[{"embeddable":true,"href":"https:\/\/kentmedikalstore.com\/index.php?rest_route=%2Fwp%2Fv2%2Fcomments&post=1277"}],"wp:featuredmedia":[{"embeddable":true,"href":"https:\/\/kentmedikalstore.com\/index.php?rest_route=\/wp\/v2\/media\/1278"}],"wp:attachment":[{"href":"https:\/\/kentmedikalstore.com\/index.php?rest_route=%2Fwp%2Fv2%2Fmedia&parent=1277"}],"wp:term":[{"taxonomy":"product_brand","embeddable":true,"href":"https:\/\/kentmedikalstore.com\/index.php?rest_route=%2Fwp%2Fv2%2Fproduct_brand&post=1277"},{"taxonomy":"product_cat","embeddable":true,"href":"https:\/\/kentmedikalstore.com\/index.php?rest_route=%2Fwp%2Fv2%2Fproduct_cat&post=1277"},{"taxonomy":"product_tag","embeddable":true,"href":"https:\/\/kentmedikalstore.com\/index.php?rest_route=%2Fwp%2Fv2%2Fproduct_tag&post=1277"}],"curies":[{"name":"wp","href":"https:\/\/api.w.org\/{rel}","templated":true}]}}