{"id":1275,"date":"2026-03-06T07:03:48","date_gmt":"2026-03-06T07:03:48","guid":{"rendered":"https:\/\/kentmedikalstore.com\/?post_type=product&#038;p=1275"},"modified":"2026-03-06T07:03:48","modified_gmt":"2026-03-06T07:03:48","slug":"luxor-patella-dizlik-orgu-l","status":"publish","type":"product","link":"https:\/\/kentmedikalstore.com\/?product=luxor-patella-dizlik-orgu-l","title":{"rendered":"Luxor Patella Dizlik \u00d6rg\u00fc L"},"content":{"rendered":"<p>Esnekli\u011fi y\u00fcksek, hava e\u00e7iren ve kompresif \u00f6zelli\u011fe sahip \u00f6rg\u00fc dokuma kuma\u015ftan imal edilmi\u015ftir. Patellay\u0131 \u00e7evreleyen \u00f6zel silikon ped deste\u011fi ile patellan\u0131n stabilizasyonuna .<\/p>\n","protected":false},"excerpt":{"rendered":"<p>Esnekli\u011fi y\u00fcksek, hava e\u00e7iren ve kompresif \u00f6zelli\u011fe sahip \u00f6rg\u00fc dokuma kuma\u015ftan imal edilmi\u015ftir. Patellay\u0131 \u00e7evreleyen \u00f6zel silikon ped deste\u011fi ile patellan\u0131n stabilizasyonuna .<\/p>\n","protected":false},"featured_media":1276,"comment_status":"open","ping_status":"closed","template":"","meta":[],"product_brand":[93],"product_cat":[90],"product_tag":[],"class_list":{"0":"post-1275","1":"product","2":"type-product","3":"status-publish","4":"has-post-thumbnail","6":"product_brand-luxor","7":"product_cat-ortopedi","9":"first","10":"instock","11":"shipping-taxable","12":"purchasable","13":"product-type-simple"},"_links":{"self":[{"href":"https:\/\/kentmedikalstore.com\/index.php?rest_route=\/wp\/v2\/product\/1275","targetHints":{"allow":["GET"]}}],"collection":[{"href":"https:\/\/kentmedikalstore.com\/index.php?rest_route=\/wp\/v2\/product"}],"about":[{"href":"https:\/\/kentmedikalstore.com\/index.php?rest_route=\/wp\/v2\/types\/product"}],"replies":[{"embeddable":true,"href":"https:\/\/kentmedikalstore.com\/index.php?rest_route=%2Fwp%2Fv2%2Fcomments&post=1275"}],"wp:featuredmedia":[{"embeddable":true,"href":"https:\/\/kentmedikalstore.com\/index.php?rest_route=\/wp\/v2\/media\/1276"}],"wp:attachment":[{"href":"https:\/\/kentmedikalstore.com\/index.php?rest_route=%2Fwp%2Fv2%2Fmedia&parent=1275"}],"wp:term":[{"taxonomy":"product_brand","embeddable":true,"href":"https:\/\/kentmedikalstore.com\/index.php?rest_route=%2Fwp%2Fv2%2Fproduct_brand&post=1275"},{"taxonomy":"product_cat","embeddable":true,"href":"https:\/\/kentmedikalstore.com\/index.php?rest_route=%2Fwp%2Fv2%2Fproduct_cat&post=1275"},{"taxonomy":"product_tag","embeddable":true,"href":"https:\/\/kentmedikalstore.com\/index.php?rest_route=%2Fwp%2Fv2%2Fproduct_tag&post=1275"}],"curies":[{"name":"wp","href":"https:\/\/api.w.org\/{rel}","templated":true}]}}