{"id":1270,"date":"2026-03-03T19:25:49","date_gmt":"2026-03-03T19:25:49","guid":{"rendered":"https:\/\/kentmedikalstore.com\/?post_type=product&#038;p=1270"},"modified":"2026-03-03T19:25:50","modified_gmt":"2026-03-03T19:25:50","slug":"wicromed-wicromed-dequarvein-bp-tespit-ateli","status":"publish","type":"product","link":"https:\/\/kentmedikalstore.com\/?product=wicromed-wicromed-dequarvein-bp-tespit-ateli","title":{"rendered":"Wicromed W\u0131cromed Dequarvein (Bp Tespit) Ateli"},"content":{"rendered":"<p>W\u0131cromed Dequarvein (Bp Tespit) Ateli<\/p>\n","protected":false},"excerpt":{"rendered":"<p>NEOPREN KUMA\u015eTAN \u0130MAL ED\u0130LM\u0130\u015eT\u0130R<\/p>\n","protected":false},"featured_media":1271,"comment_status":"open","ping_status":"closed","template":"","meta":[],"product_brand":[92],"product_cat":[90],"product_tag":[],"class_list":{"0":"post-1270","1":"product","2":"type-product","3":"status-publish","4":"has-post-thumbnail","6":"product_brand-wicromed","7":"product_cat-ortopedi","9":"first","10":"instock","11":"shipping-taxable","12":"purchasable","13":"product-type-simple"},"_links":{"self":[{"href":"https:\/\/kentmedikalstore.com\/index.php?rest_route=\/wp\/v2\/product\/1270","targetHints":{"allow":["GET"]}}],"collection":[{"href":"https:\/\/kentmedikalstore.com\/index.php?rest_route=\/wp\/v2\/product"}],"about":[{"href":"https:\/\/kentmedikalstore.com\/index.php?rest_route=\/wp\/v2\/types\/product"}],"replies":[{"embeddable":true,"href":"https:\/\/kentmedikalstore.com\/index.php?rest_route=%2Fwp%2Fv2%2Fcomments&post=1270"}],"wp:featuredmedia":[{"embeddable":true,"href":"https:\/\/kentmedikalstore.com\/index.php?rest_route=\/wp\/v2\/media\/1271"}],"wp:attachment":[{"href":"https:\/\/kentmedikalstore.com\/index.php?rest_route=%2Fwp%2Fv2%2Fmedia&parent=1270"}],"wp:term":[{"taxonomy":"product_brand","embeddable":true,"href":"https:\/\/kentmedikalstore.com\/index.php?rest_route=%2Fwp%2Fv2%2Fproduct_brand&post=1270"},{"taxonomy":"product_cat","embeddable":true,"href":"https:\/\/kentmedikalstore.com\/index.php?rest_route=%2Fwp%2Fv2%2Fproduct_cat&post=1270"},{"taxonomy":"product_tag","embeddable":true,"href":"https:\/\/kentmedikalstore.com\/index.php?rest_route=%2Fwp%2Fv2%2Fproduct_tag&post=1270"}],"curies":[{"name":"wp","href":"https:\/\/api.w.org\/{rel}","templated":true}]}}