{"id":1266,"date":"2026-03-03T19:20:07","date_gmt":"2026-03-03T19:20:07","guid":{"rendered":"https:\/\/kentmedikalstore.com\/?post_type=product&#038;p=1266"},"modified":"2026-03-03T19:20:08","modified_gmt":"2026-03-03T19:20:08","slug":"wingmed-ayak-bilek-8-bandaji","status":"publish","type":"product","link":"https:\/\/kentmedikalstore.com\/?product=wingmed-ayak-bilek-8-bandaji","title":{"rendered":"Wingmed Ayak Bilek 8 Bandaj\u0131"},"content":{"rendered":"<p>Ayak Bileklik 8 Bandaj\u0131<\/p>\n<p>Hava Alabilen S\u00fcngerli Kuma\u015ftan \u00dcretilmi\u015f Olup, Ayakkab\u0131 \u0130\u00e7inde Rahatl\u0131kla Kullan\u0131l\u0131r. Ayak Bile\u011fine Esnek Bir Destek , i Rahatlat\u0131r.<\/p>\n<p>Endikasyonlar<\/p>\n<ul>\n<li>Ba\u011f G\u00fc\u00e7s\u00fczl\u00fc\u011f\u00fcnde Destek Ama\u00e7l\u0131<\/li>\n<li>Ayak Bile\u011finin l\u0131 Durumlar\u0131<\/li>\n<li>Kas Spazmlar\u0131<\/li>\n<li>Al\u00e7\u0131 Sonras\u0131<\/li>\n<\/ul>\n","protected":false},"excerpt":{"rendered":"<p>Hava Alabilen S\u00fcngerli Kuma\u015ftan \u00dcretilmi\u015f Olup, Ayakkab\u0131 \u0130\u00e7inde Rahatl\u0131kla Kullan\u0131l\u0131r. Ayak Bile\u011fine Esnek Bir Destek , i Rahatlat\u0131r.<\/p>\n","protected":false},"featured_media":1267,"comment_status":"open","ping_status":"closed","template":"","meta":[],"product_brand":[92],"product_cat":[90],"product_tag":[],"class_list":{"0":"post-1266","1":"product","2":"type-product","3":"status-publish","4":"has-post-thumbnail","6":"product_brand-wicromed","7":"product_cat-ortopedi","9":"first","10":"instock","11":"shipping-taxable","12":"purchasable","13":"product-type-simple"},"_links":{"self":[{"href":"https:\/\/kentmedikalstore.com\/index.php?rest_route=\/wp\/v2\/product\/1266","targetHints":{"allow":["GET"]}}],"collection":[{"href":"https:\/\/kentmedikalstore.com\/index.php?rest_route=\/wp\/v2\/product"}],"about":[{"href":"https:\/\/kentmedikalstore.com\/index.php?rest_route=\/wp\/v2\/types\/product"}],"replies":[{"embeddable":true,"href":"https:\/\/kentmedikalstore.com\/index.php?rest_route=%2Fwp%2Fv2%2Fcomments&post=1266"}],"wp:featuredmedia":[{"embeddable":true,"href":"https:\/\/kentmedikalstore.com\/index.php?rest_route=\/wp\/v2\/media\/1267"}],"wp:attachment":[{"href":"https:\/\/kentmedikalstore.com\/index.php?rest_route=%2Fwp%2Fv2%2Fmedia&parent=1266"}],"wp:term":[{"taxonomy":"product_brand","embeddable":true,"href":"https:\/\/kentmedikalstore.com\/index.php?rest_route=%2Fwp%2Fv2%2Fproduct_brand&post=1266"},{"taxonomy":"product_cat","embeddable":true,"href":"https:\/\/kentmedikalstore.com\/index.php?rest_route=%2Fwp%2Fv2%2Fproduct_cat&post=1266"},{"taxonomy":"product_tag","embeddable":true,"href":"https:\/\/kentmedikalstore.com\/index.php?rest_route=%2Fwp%2Fv2%2Fproduct_tag&post=1266"}],"curies":[{"name":"wp","href":"https:\/\/api.w.org\/{rel}","templated":true}]}}