{"id":1262,"date":"2026-03-03T19:09:05","date_gmt":"2026-03-03T19:09:05","guid":{"rendered":"https:\/\/kentmedikalstore.com\/?post_type=product&#038;p=1262"},"modified":"2026-03-03T19:09:05","modified_gmt":"2026-03-03T19:09:05","slug":"wicromed-ligament-destekli-patella-dizlik","status":"publish","type":"product","link":"https:\/\/kentmedikalstore.com\/?product=wicromed-ligament-destekli-patella-dizlik","title":{"rendered":"Wicromed Ligament Destekli Patella Dizlik"},"content":{"rendered":"<h3>Wicromed Ligament Destekli Patella Dizlik<\/h3>\n<p>Patella Ve Ligament Destekli Dizlik &#8211; Standart Terletmeyen Neoprenden \u00dcretilen Bu Mamul, Osteoartrist, Ligament Dejenerasyonu Ve B\u00fct\u00fcn Diz Problemleri \u0130\u00e7in Uygundur. Artrit, Bursit, Eklem \u0130\u00e7i S\u0131v\u0131 Art\u0131\u015f\u0131, Diz Kapa\u011f\u0131 Kaynakl\u0131 lar, Menisk\u00fcs Sorunlar\u0131, Ve Ligament \u0130nstabiliteleri, Ameliyat Sonras\u0131 Korumada Kullan\u0131l\u0131r. Kompresyon Ve Masaj Etkileri Sayesinde in Azalmas\u0131n\u0131 . Neopren Kuma\u015ftan \u00dcretilmi\u015ftir. Patella \u00c7evresi A\u00e7\u0131kt\u0131r Ve Pedle Desteklenmi\u015ftir. Yanlardaki Esnek Balenler Sayesinde Dize Binen Y\u00fck\u00fc Hafifletmektedir. Neopren Malzeme V\u00fccut Is\u0131s\u0131n\u0131 Koruk Kan Dola\u015f\u0131m\u0131n\u0131 H\u0131zland\u0131r\u0131r Ve \u0130yile\u015fme S\u00fcresini H\u0131zland\u0131r\u0131r. Endikasyonlar 1-Eklem \u0130\u00e7i S\u0131v\u0131 Art\u0131\u015f\u0131 2-Ameliyat Sonras\u0131 Koruma 3-Birinci Derecede Ve Ligament \u0130nstabiliteleri 4-Diz Kapa\u011f\u0131 Kaynakl\u0131 lar 5-Diz lar\u0131 \u00c7ift Tarafl\u0131(Sa\u011f&amp;Amp;Sol)Bedensiz-Her Bedene Uygun.<\/p>\n","protected":false},"excerpt":{"rendered":"<p>Patella Ve Ligament Destekli Dizlik &#8211; Standart Terletmeyen Neoprenden \u00dcretilen Bu Mamul, Osteoartrist, Ligament Dejenerasyonu Ve B\u00fct\u00fcn Diz Problemleri \u0130\u00e7in Uygundur.<\/p>\n","protected":false},"featured_media":1263,"comment_status":"open","ping_status":"closed","template":"","meta":[],"product_brand":[92],"product_cat":[90],"product_tag":[],"class_list":{"0":"post-1262","1":"product","2":"type-product","3":"status-publish","4":"has-post-thumbnail","6":"product_brand-wicromed","7":"product_cat-ortopedi","9":"first","10":"instock","11":"shipping-taxable","12":"purchasable","13":"product-type-simple"},"_links":{"self":[{"href":"https:\/\/kentmedikalstore.com\/index.php?rest_route=\/wp\/v2\/product\/1262","targetHints":{"allow":["GET"]}}],"collection":[{"href":"https:\/\/kentmedikalstore.com\/index.php?rest_route=\/wp\/v2\/product"}],"about":[{"href":"https:\/\/kentmedikalstore.com\/index.php?rest_route=\/wp\/v2\/types\/product"}],"replies":[{"embeddable":true,"href":"https:\/\/kentmedikalstore.com\/index.php?rest_route=%2Fwp%2Fv2%2Fcomments&post=1262"}],"wp:featuredmedia":[{"embeddable":true,"href":"https:\/\/kentmedikalstore.com\/index.php?rest_route=\/wp\/v2\/media\/1263"}],"wp:attachment":[{"href":"https:\/\/kentmedikalstore.com\/index.php?rest_route=%2Fwp%2Fv2%2Fmedia&parent=1262"}],"wp:term":[{"taxonomy":"product_brand","embeddable":true,"href":"https:\/\/kentmedikalstore.com\/index.php?rest_route=%2Fwp%2Fv2%2Fproduct_brand&post=1262"},{"taxonomy":"product_cat","embeddable":true,"href":"https:\/\/kentmedikalstore.com\/index.php?rest_route=%2Fwp%2Fv2%2Fproduct_cat&post=1262"},{"taxonomy":"product_tag","embeddable":true,"href":"https:\/\/kentmedikalstore.com\/index.php?rest_route=%2Fwp%2Fv2%2Fproduct_tag&post=1262"}],"curies":[{"name":"wp","href":"https:\/\/api.w.org\/{rel}","templated":true}]}}