{"id":1260,"date":"2026-03-03T19:05:57","date_gmt":"2026-03-03T19:05:57","guid":{"rendered":"https:\/\/kentmedikalstore.com\/?post_type=product&#038;p=1260"},"modified":"2026-03-03T19:05:57","modified_gmt":"2026-03-03T19:05:57","slug":"kuteks-patella-ligement-destekli-dizlik-ayarlanabilir-bedenli","status":"publish","type":"product","link":"https:\/\/kentmedikalstore.com\/?product=kuteks-patella-ligement-destekli-dizlik-ayarlanabilir-bedenli","title":{"rendered":"Kuteks Patella Ligement Destekli Dizlik &#8211; Ayarlanabilir Bedenli"},"content":{"rendered":"<h3>Kuteks Patella Ligement Destekli Dizlik &#8211; Ayarlanabilir Bedenli<\/h3>\n<ul>\n<li>Patella ve ligement destekli dizlik orta k\u0131sm\u0131nda yer alan a\u00e7\u0131k yap\u0131l\u0131 destek pedi ile diz \u00fczerindeki bas\u0131nc\u0131n hafifletilmesine yard\u0131mc\u0131 olur .<\/li>\n<li>Doktor tavsiyesi ile kullan\u0131l\u0131r.<\/li>\n<\/ul>\n","protected":false},"excerpt":{"rendered":"<p>Patella ve ligement destekli dizlik orta k\u0131sm\u0131nda yer alan a\u00e7\u0131k yap\u0131l\u0131 destek pedi ile diz \u00fczerindeki bas\u0131nc\u0131n hafifletilmesine yard\u0131mc\u0131 olur<\/p>\n","protected":false},"featured_media":1261,"comment_status":"open","ping_status":"closed","template":"","meta":[],"product_brand":[89],"product_cat":[90],"product_tag":[],"class_list":{"0":"post-1260","1":"product","2":"type-product","3":"status-publish","4":"has-post-thumbnail","6":"product_brand-kuteks","7":"product_cat-ortopedi","9":"first","10":"instock","11":"shipping-taxable","12":"purchasable","13":"product-type-simple"},"_links":{"self":[{"href":"https:\/\/kentmedikalstore.com\/index.php?rest_route=\/wp\/v2\/product\/1260","targetHints":{"allow":["GET"]}}],"collection":[{"href":"https:\/\/kentmedikalstore.com\/index.php?rest_route=\/wp\/v2\/product"}],"about":[{"href":"https:\/\/kentmedikalstore.com\/index.php?rest_route=\/wp\/v2\/types\/product"}],"replies":[{"embeddable":true,"href":"https:\/\/kentmedikalstore.com\/index.php?rest_route=%2Fwp%2Fv2%2Fcomments&post=1260"}],"wp:featuredmedia":[{"embeddable":true,"href":"https:\/\/kentmedikalstore.com\/index.php?rest_route=\/wp\/v2\/media\/1261"}],"wp:attachment":[{"href":"https:\/\/kentmedikalstore.com\/index.php?rest_route=%2Fwp%2Fv2%2Fmedia&parent=1260"}],"wp:term":[{"taxonomy":"product_brand","embeddable":true,"href":"https:\/\/kentmedikalstore.com\/index.php?rest_route=%2Fwp%2Fv2%2Fproduct_brand&post=1260"},{"taxonomy":"product_cat","embeddable":true,"href":"https:\/\/kentmedikalstore.com\/index.php?rest_route=%2Fwp%2Fv2%2Fproduct_cat&post=1260"},{"taxonomy":"product_tag","embeddable":true,"href":"https:\/\/kentmedikalstore.com\/index.php?rest_route=%2Fwp%2Fv2%2Fproduct_tag&post=1260"}],"curies":[{"name":"wp","href":"https:\/\/api.w.org\/{rel}","templated":true}]}}