{"id":1256,"date":"2026-03-03T18:49:07","date_gmt":"2026-03-03T18:49:07","guid":{"rendered":"https:\/\/kentmedikalstore.com\/?post_type=product&#038;p=1256"},"modified":"2026-03-03T19:00:13","modified_gmt":"2026-03-03T19:00:13","slug":"kuteks-el-bilek-ateli-bas-parmak-destekli","status":"publish","type":"product","link":"https:\/\/kentmedikalstore.com\/?product=kuteks-el-bilek-ateli-bas-parmak-destekli","title":{"rendered":"KUTEKS &#8211; EL BILEK ATELI BA\u015e PARMAK DESTEKL\u0130"},"content":{"rendered":"<p>Kuteks El Bilek Ateli Neopren &#8211; Ba\u015fparmak Destekli \u00c7ift Tarafl\u0131<\/p>\n","protected":false},"excerpt":{"rendered":"<p>Kuteks El Bilek Ateli Neopren &#8211; Ba\u015fparmak Destekli \u00c7ift Tarafl\u0131<\/p>\n","protected":false},"featured_media":1259,"comment_status":"open","ping_status":"closed","template":"","meta":[],"product_brand":[89],"product_cat":[90],"product_tag":[],"class_list":{"0":"post-1256","1":"product","2":"type-product","3":"status-publish","4":"has-post-thumbnail","6":"product_brand-kuteks","7":"product_cat-ortopedi","9":"first","10":"instock","11":"shipping-taxable","12":"purchasable","13":"product-type-simple"},"_links":{"self":[{"href":"https:\/\/kentmedikalstore.com\/index.php?rest_route=\/wp\/v2\/product\/1256","targetHints":{"allow":["GET"]}}],"collection":[{"href":"https:\/\/kentmedikalstore.com\/index.php?rest_route=\/wp\/v2\/product"}],"about":[{"href":"https:\/\/kentmedikalstore.com\/index.php?rest_route=\/wp\/v2\/types\/product"}],"replies":[{"embeddable":true,"href":"https:\/\/kentmedikalstore.com\/index.php?rest_route=%2Fwp%2Fv2%2Fcomments&post=1256"}],"wp:featuredmedia":[{"embeddable":true,"href":"https:\/\/kentmedikalstore.com\/index.php?rest_route=\/wp\/v2\/media\/1259"}],"wp:attachment":[{"href":"https:\/\/kentmedikalstore.com\/index.php?rest_route=%2Fwp%2Fv2%2Fmedia&parent=1256"}],"wp:term":[{"taxonomy":"product_brand","embeddable":true,"href":"https:\/\/kentmedikalstore.com\/index.php?rest_route=%2Fwp%2Fv2%2Fproduct_brand&post=1256"},{"taxonomy":"product_cat","embeddable":true,"href":"https:\/\/kentmedikalstore.com\/index.php?rest_route=%2Fwp%2Fv2%2Fproduct_cat&post=1256"},{"taxonomy":"product_tag","embeddable":true,"href":"https:\/\/kentmedikalstore.com\/index.php?rest_route=%2Fwp%2Fv2%2Fproduct_tag&post=1256"}],"curies":[{"name":"wp","href":"https:\/\/api.w.org\/{rel}","templated":true}]}}