{"id":1242,"date":"2026-03-03T06:13:32","date_gmt":"2026-03-03T06:13:32","guid":{"rendered":"https:\/\/kentmedikalstore.com\/?post_type=product&#038;p=1242"},"modified":"2026-03-03T08:27:08","modified_gmt":"2026-03-03T08:27:08","slug":"roll-el-bilek-ateli","status":"publish","type":"product","link":"https:\/\/kentmedikalstore.com\/?product=roll-el-bilek-ateli","title":{"rendered":"Roll El Bilek Ateli"},"content":{"rendered":"<h3>Roll El Bilek Ateli<\/h3>\n<p>Roll El Bilek Aleti Ayarlanabilir C\u0131rtl\u0131 Beden Ayar\u0131. Ayarlanabilir Oldu\u011fu \u0130\u00e7in Farkl\u0131 \u00d6l\u00e7\u00fclere Tek \u00dcr\u00fcn Kullan\u0131labilir. Avu\u00e7 \u0130\u00e7i Ve Bile\u011fe Oturan Destekleyici Metal \u0130le El Ve Bile\u011finizin Sabit Kalmas\u0131n\u0131 Sa\u011flar. Sa\u011f Ve Sol El Kullan\u0131m\u0131na Uygundur.<\/p>\n","protected":false},"excerpt":{"rendered":"<p>Roll El Bilek Aleti Ayarlanabilir C\u0131rtl\u0131 Beden Ayar\u0131. Ayarlanabilir Oldu\u011fu \u0130\u00e7in Farkl\u0131 \u00d6l\u00e7\u00fclere Tek \u00dcr\u00fcn Kullan\u0131labilir. Avu\u00e7 \u0130\u00e7i Ve Bile\u011fe Oturan Destekleyici Metal \u0130le El Ve Bile\u011finizin Sabit Kalmas\u0131n\u0131 Sa\u011flar. Sa\u011f Ve Sol El Kullan\u0131m\u0131na Uygundur.<\/p>\n","protected":false},"featured_media":1253,"comment_status":"open","ping_status":"closed","template":"","meta":[],"product_brand":[91],"product_cat":[90],"product_tag":[],"class_list":{"0":"post-1242","1":"product","2":"type-product","3":"status-publish","4":"has-post-thumbnail","6":"product_brand-roll","7":"product_cat-ortopedi","9":"first","10":"instock","11":"shipping-taxable","12":"purchasable","13":"product-type-simple"},"_links":{"self":[{"href":"https:\/\/kentmedikalstore.com\/index.php?rest_route=\/wp\/v2\/product\/1242","targetHints":{"allow":["GET"]}}],"collection":[{"href":"https:\/\/kentmedikalstore.com\/index.php?rest_route=\/wp\/v2\/product"}],"about":[{"href":"https:\/\/kentmedikalstore.com\/index.php?rest_route=\/wp\/v2\/types\/product"}],"replies":[{"embeddable":true,"href":"https:\/\/kentmedikalstore.com\/index.php?rest_route=%2Fwp%2Fv2%2Fcomments&post=1242"}],"wp:featuredmedia":[{"embeddable":true,"href":"https:\/\/kentmedikalstore.com\/index.php?rest_route=\/wp\/v2\/media\/1253"}],"wp:attachment":[{"href":"https:\/\/kentmedikalstore.com\/index.php?rest_route=%2Fwp%2Fv2%2Fmedia&parent=1242"}],"wp:term":[{"taxonomy":"product_brand","embeddable":true,"href":"https:\/\/kentmedikalstore.com\/index.php?rest_route=%2Fwp%2Fv2%2Fproduct_brand&post=1242"},{"taxonomy":"product_cat","embeddable":true,"href":"https:\/\/kentmedikalstore.com\/index.php?rest_route=%2Fwp%2Fv2%2Fproduct_cat&post=1242"},{"taxonomy":"product_tag","embeddable":true,"href":"https:\/\/kentmedikalstore.com\/index.php?rest_route=%2Fwp%2Fv2%2Fproduct_tag&post=1242"}],"curies":[{"name":"wp","href":"https:\/\/api.w.org\/{rel}","templated":true}]}}