{"id":1240,"date":"2026-03-03T06:04:25","date_gmt":"2026-03-03T06:04:25","guid":{"rendered":"https:\/\/kentmedikalstore.com\/?post_type=product&#038;p=1240"},"modified":"2026-03-03T06:04:25","modified_gmt":"2026-03-03T06:04:25","slug":"kuteks-el-bilek-ateli-ayarlanabilir-bedenli-bukulebilir-metal-destekli","status":"publish","type":"product","link":"https:\/\/kentmedikalstore.com\/?product=kuteks-el-bilek-ateli-ayarlanabilir-bedenli-bukulebilir-metal-destekli","title":{"rendered":"Kuteks El Bilek Ateli &#8211; Ayarlanabilir Bedenli &#8211; B\u00fck\u00fclebilir Metal Destekli"},"content":{"rendered":"<h3>Kuteks El Bilek Ateli &#8211; Ayarlanabilir Bedenli &#8211; B\u00fck\u00fclebilir Metal Destekli<\/h3>\n<p>Kuteks el bilek ataeli el bile\u011fin sabit tutulmas\u0131 gereken\u00a0durumlarda k\u0131r\u0131k vakalar\u0131nda al\u00e7\u0131n\u0131n \u00e7\u0131kar\u0131lmas\u0131 sonras\u0131nda ayr\u0131c\u0131 operasyon sonras\u0131 travmatik vakalarda koruma amac\u0131yla doktor tavsiyesi ile kullan\u0131labilir. El bilek b\u00f6lgesini sarar ve destekler. Sa\u011f ve sol tarafta yer alan cephelere yerle\u015ftirilebilen metal destek \u00e7ubu\u011fu avu\u00e7 yap\u0131s\u0131na g\u00f6re ayarlanabilir. B\u00fck\u00fclebilir metal detek ateli sayasinde bile\u011finize uygun olarak ayarlanabilir.<\/p>\n","protected":false},"excerpt":{"rendered":"<p>Kuteks el bilek ataeli el bile\u011fin sabit tutulmas\u0131 gereken\u00a0durumlarda k\u0131r\u0131k vakalar\u0131nda al\u00e7\u0131n\u0131n \u00e7\u0131kar\u0131lmas\u0131 sonras\u0131nda ayr\u0131c\u0131 operasyon sonras\u0131 travmatik vakalarda koruma amac\u0131yla doktor tavsiyesi ile kullan\u0131labilir. El bilek b\u00f6lgesini sarar ve destekler. Sa\u011f ve sol tarafta yer alan cephelere yerle\u015ftirilebilen metal destek \u00e7ubu\u011fu avu\u00e7 yap\u0131s\u0131na g\u00f6re ayarlanabilir. B\u00fck\u00fclebilir metal detek ateli sayasinde bile\u011finize uygun olarak ayarlanabilir.<\/p>\n","protected":false},"featured_media":1241,"comment_status":"open","ping_status":"closed","template":"","meta":[],"product_brand":[89],"product_cat":[90],"product_tag":[],"class_list":{"0":"post-1240","1":"product","2":"type-product","3":"status-publish","4":"has-post-thumbnail","6":"product_brand-kuteks","7":"product_cat-ortopedi","9":"first","10":"instock","11":"shipping-taxable","12":"purchasable","13":"product-type-simple"},"_links":{"self":[{"href":"https:\/\/kentmedikalstore.com\/index.php?rest_route=\/wp\/v2\/product\/1240","targetHints":{"allow":["GET"]}}],"collection":[{"href":"https:\/\/kentmedikalstore.com\/index.php?rest_route=\/wp\/v2\/product"}],"about":[{"href":"https:\/\/kentmedikalstore.com\/index.php?rest_route=\/wp\/v2\/types\/product"}],"replies":[{"embeddable":true,"href":"https:\/\/kentmedikalstore.com\/index.php?rest_route=%2Fwp%2Fv2%2Fcomments&post=1240"}],"wp:featuredmedia":[{"embeddable":true,"href":"https:\/\/kentmedikalstore.com\/index.php?rest_route=\/wp\/v2\/media\/1241"}],"wp:attachment":[{"href":"https:\/\/kentmedikalstore.com\/index.php?rest_route=%2Fwp%2Fv2%2Fmedia&parent=1240"}],"wp:term":[{"taxonomy":"product_brand","embeddable":true,"href":"https:\/\/kentmedikalstore.com\/index.php?rest_route=%2Fwp%2Fv2%2Fproduct_brand&post=1240"},{"taxonomy":"product_cat","embeddable":true,"href":"https:\/\/kentmedikalstore.com\/index.php?rest_route=%2Fwp%2Fv2%2Fproduct_cat&post=1240"},{"taxonomy":"product_tag","embeddable":true,"href":"https:\/\/kentmedikalstore.com\/index.php?rest_route=%2Fwp%2Fv2%2Fproduct_tag&post=1240"}],"curies":[{"name":"wp","href":"https:\/\/api.w.org\/{rel}","templated":true}]}}