{"id":1238,"date":"2026-03-03T06:00:51","date_gmt":"2026-03-03T06:00:51","guid":{"rendered":"https:\/\/kentmedikalstore.com\/?post_type=product&#038;p=1238"},"modified":"2026-03-03T06:00:52","modified_gmt":"2026-03-03T06:00:52","slug":"kuteks-ayak-bilekligi-ayarlanabilir-bedenli","status":"publish","type":"product","link":"https:\/\/kentmedikalstore.com\/?product=kuteks-ayak-bilekligi-ayarlanabilir-bedenli","title":{"rendered":"Kuteks Ayak Bilekli\u011fi &#8211; Ayarlanabilir Bedenli"},"content":{"rendered":"<div data-test-id=\"ProductDescription\">\n<div class=\"container\">\n<div>\n<div id=\"ProductDescription_54fe3caa-e0d0-4a6f-af29-e2dc6859ed7c\" class=\"sf-voltran-body voltran-body full ProductDescription\">\n<div>\n<div class=\"sf-ProductDescription-ELfL1tuePGs5IVj8XHGy sf-ProductDescription-tYca0g5oi89GEwAF2LCe productDescriptionContent\">\n<div>\n<h3>Kuteks Ayak Bilekli\u011fi &#8211; Ayarlanabilir Bedenli<\/h3>\n<ul>\n<li>Ayak Bileklik +8 Bandaj\u0131 Ayak bile\u011fini destekler<\/li>\n<li>Sekiz \u015feklinde sar\u0131lan elastik \u00e7apraz bant stabilizasyonu ve kompresyonu artt\u0131r\u0131r.<\/li>\n<li>Standart beden olup, c\u0131rtlar ile ki\u015fi\u015fel ayar yap\u0131labilir<\/li>\n<\/ul>\n<\/div>\n<\/div>\n<\/div>\n<\/div>\n<\/div>\n<\/div>\n<\/div>\n","protected":false},"excerpt":{"rendered":"<div data-test-id=\"ProductDescription\">\n<div class=\"container\">\n<div id=\"ProductDescription_54fe3caa-e0d0-4a6f-af29-e2dc6859ed7c\" class=\"sf-voltran-body voltran-body full ProductDescription\">\n<div class=\"sf-ProductDescription-ELfL1tuePGs5IVj8XHGy sf-ProductDescription-tYca0g5oi89GEwAF2LCe productDescriptionContent\">\n<ul>\n<li>Ayak Bileklik +8 Bandaj\u0131 Ayak bile\u011fini destekler<\/li>\n<li>Sekiz \u015feklinde sar\u0131lan elastik \u00e7apraz bant stabilizasyonu ve kompresyonu artt\u0131r\u0131r.<\/li>\n<li>Standart beden olup, c\u0131rtlar ile ki\u015fi\u015fel ayar yap\u0131labilir<\/li>\n<\/ul>\n<\/div>\n<\/div>\n<\/div>\n<\/div>\n<div id=\"techSpecs\" class=\"nXuZT1Pzi4C7_3wEWOdj hbus c80b727b-44eb-4b9a-af9e-974028fb61a6\" data-test-id=\"KeyFeaturesTable\" data-hbus=\"{&quot;events&quot;:{&quot;view&quot;:[&quot;davinci&quot;]},&quot;data&quot;:{&quot;eventName&quot;:&quot;ComponentView&quot;,&quot;placement&quot;:&quot;Product Description&quot;,&quot;component&quot;:&quot;Key Features Table&quot;,&quot;component_detail&quot;:&quot;\u00dcr\u00fcn Bilgileri&quot;,&quot;category_hierarchy&quot;:&quot;&quot;,&quot;page_type&quot;:&quot;pdp&quot;,&quot;page_value&quot;:&quot;HBCV0000701QG3&quot;,&quot;position&quot;:&quot;&quot;,&quot;product_id&quot;:&quot;HBC0000701QG2&quot;,&quot;merchant_name&quot;:&quot;VitaminsBeauty&quot;,&quot;merchant_id&quot;:&quot;33f55c52-b76d-4e7f-937e-f1d4c672f962&quot;,&quot;listing_id&quot;:&quot;5ee2c1e6-399b-4d7a-b265-6529eeb42114&quot;,&quot;price&quot;:&quot;383.4&quot;,&quot;componentType&quot;:&quot;&quot;,&quot;component_order&quot;:&quot;&quot;,&quot;url&quot;:&quot;&quot;,&quot;payment_options&quot;:[],&quot;price_range&quot;:&quot;&quot;,&quot;other_seller&quot;:[],&quot;ABTest&quot;:&quot;&quot;,&quot;displayTextType&quot;:&quot;&quot;,&quot;popularSearches&quot;:[],&quot;contentGroupId&quot;:&quot;&quot;,&quot;contentId&quot;:&quot;&quot;},&quot;type&quot;:&quot;componentView&quot;}\">\n<div class=\"EszDyx7JOHZtHsQ3ga5s\">\n<div class=\"jkj4C4LML4qv2Iq8GkL3 XcIKYtRvkrv3_9ZMwMOZ\">\n<div class=\"AxM3TmSghcDRH1F871Vh\"><\/div>\n<\/div>\n<\/div>\n<\/div>\n","protected":false},"featured_media":1239,"comment_status":"open","ping_status":"closed","template":"","meta":[],"product_brand":[89],"product_cat":[90],"product_tag":[],"class_list":{"0":"post-1238","1":"product","2":"type-product","3":"status-publish","4":"has-post-thumbnail","6":"product_brand-kuteks","7":"product_cat-ortopedi","9":"first","10":"instock","11":"shipping-taxable","12":"purchasable","13":"product-type-simple"},"_links":{"self":[{"href":"https:\/\/kentmedikalstore.com\/index.php?rest_route=\/wp\/v2\/product\/1238","targetHints":{"allow":["GET"]}}],"collection":[{"href":"https:\/\/kentmedikalstore.com\/index.php?rest_route=\/wp\/v2\/product"}],"about":[{"href":"https:\/\/kentmedikalstore.com\/index.php?rest_route=\/wp\/v2\/types\/product"}],"replies":[{"embeddable":true,"href":"https:\/\/kentmedikalstore.com\/index.php?rest_route=%2Fwp%2Fv2%2Fcomments&post=1238"}],"wp:featuredmedia":[{"embeddable":true,"href":"https:\/\/kentmedikalstore.com\/index.php?rest_route=\/wp\/v2\/media\/1239"}],"wp:attachment":[{"href":"https:\/\/kentmedikalstore.com\/index.php?rest_route=%2Fwp%2Fv2%2Fmedia&parent=1238"}],"wp:term":[{"taxonomy":"product_brand","embeddable":true,"href":"https:\/\/kentmedikalstore.com\/index.php?rest_route=%2Fwp%2Fv2%2Fproduct_brand&post=1238"},{"taxonomy":"product_cat","embeddable":true,"href":"https:\/\/kentmedikalstore.com\/index.php?rest_route=%2Fwp%2Fv2%2Fproduct_cat&post=1238"},{"taxonomy":"product_tag","embeddable":true,"href":"https:\/\/kentmedikalstore.com\/index.php?rest_route=%2Fwp%2Fv2%2Fproduct_tag&post=1238"}],"curies":[{"name":"wp","href":"https:\/\/api.w.org\/{rel}","templated":true}]}}