{"id":1182,"date":"2026-02-27T20:24:09","date_gmt":"2026-02-27T20:24:09","guid":{"rendered":"https:\/\/kentmedikalstore.com\/?post_type=product&#038;p=1182"},"modified":"2026-02-27T20:24:09","modified_gmt":"2026-02-27T20:24:09","slug":"venatura-demir-takviye-edici-gida-90-kapsul","status":"publish","type":"product","link":"https:\/\/kentmedikalstore.com\/?product=venatura-demir-takviye-edici-gida-90-kapsul","title":{"rendered":"VeNatura Demir Takviye Edici G\u0131da 90 Kaps\u00fcl"},"content":{"rendered":"<h2><strong>VeNatura Demir Takviye Edici G\u0131da 90 Kaps\u00fcl<\/strong><\/h2>\n<p><strong>\u00dcr\u00fcn Ad\u0131:<\/strong><br \/>\nVeNatura Demir Takviye Edici G\u0131da 90 Kaps\u00fcl<\/p>\n<p><strong>\u00dcr\u00fcn Markas\u0131:<\/strong><br \/>\nVefa \u0130la\u00e7<\/p>\n<p><strong>\u00dcr\u00fcn Boyutu:<\/strong><br \/>\n90 Kaps\u00fcl<\/p>\n<p><strong>\u00d6zet Bilgi:<\/strong><br \/>\nTakviye edici g\u0131da.<\/p>\n<p><strong>Kullan\u0131m \u015eekli:<\/strong><br \/>\nG\u00fcnde bir defa bir kaps\u00fcl al\u0131nmas\u0131 \u00f6nerilir.<br \/>\n11 ya\u015f ve \u00fczeri kullan\u0131m\u0131na uygundur.<br \/>\n<strong><br \/>\n\u0130\u00e7indekiler:<\/strong>\u00a0Maltodekstrin, Ferroz bisglisinat, Kaps\u00fcl kabu\u011fu bile\u015feni: (Bitkisel) Hidroksipropil metil sel\u00fcl\u00f6z, Topaklanmay\u0131 \u00f6nleyici:Ya\u011f asitlerinin magnezyum tuzlar\u0131 ve silikon dioksit.<\/p>\n<p><strong>Men\u015fei \u00dclke :<\/strong>\u00a0T\u00fcrkiye ( G\u0131dan\u0131n ana bile\u015fenin men\u015fe \u00fclkesi Almanya&#8217;d\u0131r.)<\/p>\n<p><strong>\u00dcr\u00fcn Besin De\u011ferleri:<\/strong><\/p>\n<table width=\"471\">\n<tbody>\n<tr>\n<td><strong>Etken Madde<\/strong><\/td>\n<td><strong>Miktar (1 kaps\u00fclde)<\/strong><\/td>\n<td><strong>%BRD<\/strong><\/td>\n<\/tr>\n<tr>\n<td>Demir<\/td>\n<td>17 mg<\/td>\n<td>121,4<\/td>\n<\/tr>\n<\/tbody>\n<\/table>\n","protected":false},"excerpt":{"rendered":"<ul>\n<li>Demir vitamini i\u00e7erir.<\/li>\n<li>90 Kaps\u00fcl.<\/li>\n<li>11 ya\u015f ve \u00fczeri kullan\u0131m\u0131na uygundur.<\/li>\n<\/ul>\n","protected":false},"featured_media":1183,"comment_status":"open","ping_status":"closed","template":"","meta":[],"product_brand":[86],"product_cat":[73],"product_tag":[],"class_list":{"0":"post-1182","1":"product","2":"type-product","3":"status-publish","4":"has-post-thumbnail","6":"product_brand-venatura","7":"product_cat-vitaminler","9":"first","10":"instock","11":"shipping-taxable","12":"purchasable","13":"product-type-simple"},"_links":{"self":[{"href":"https:\/\/kentmedikalstore.com\/index.php?rest_route=\/wp\/v2\/product\/1182","targetHints":{"allow":["GET"]}}],"collection":[{"href":"https:\/\/kentmedikalstore.com\/index.php?rest_route=\/wp\/v2\/product"}],"about":[{"href":"https:\/\/kentmedikalstore.com\/index.php?rest_route=\/wp\/v2\/types\/product"}],"replies":[{"embeddable":true,"href":"https:\/\/kentmedikalstore.com\/index.php?rest_route=%2Fwp%2Fv2%2Fcomments&post=1182"}],"wp:featuredmedia":[{"embeddable":true,"href":"https:\/\/kentmedikalstore.com\/index.php?rest_route=\/wp\/v2\/media\/1183"}],"wp:attachment":[{"href":"https:\/\/kentmedikalstore.com\/index.php?rest_route=%2Fwp%2Fv2%2Fmedia&parent=1182"}],"wp:term":[{"taxonomy":"product_brand","embeddable":true,"href":"https:\/\/kentmedikalstore.com\/index.php?rest_route=%2Fwp%2Fv2%2Fproduct_brand&post=1182"},{"taxonomy":"product_cat","embeddable":true,"href":"https:\/\/kentmedikalstore.com\/index.php?rest_route=%2Fwp%2Fv2%2Fproduct_cat&post=1182"},{"taxonomy":"product_tag","embeddable":true,"href":"https:\/\/kentmedikalstore.com\/index.php?rest_route=%2Fwp%2Fv2%2Fproduct_tag&post=1182"}],"curies":[{"name":"wp","href":"https:\/\/api.w.org\/{rel}","templated":true}]}}