{"id":1174,"date":"2026-02-27T20:17:15","date_gmt":"2026-02-27T20:17:15","guid":{"rendered":"https:\/\/kentmedikalstore.com\/?post_type=product&#038;p=1174"},"modified":"2026-02-27T20:17:15","modified_gmt":"2026-02-27T20:17:15","slug":"nutraxin-5-htp-complex-takviye-edici-gida-30-tablet","status":"publish","type":"product","link":"https:\/\/kentmedikalstore.com\/?product=nutraxin-5-htp-complex-takviye-edici-gida-30-tablet","title":{"rendered":"Nutraxin 5-HTP Complex Takviye Edici G\u0131da 30 Tablet"},"content":{"rendered":"<h2>Nutraxin 5-HTP Complex Takviye Edici G\u0131da 30 Tablet<\/h2>\n<p><strong>\u00dcr\u00fcn Markas\u0131:<\/strong><br \/>\nNutraxin<\/p>\n<p><strong>\u00dcr\u00fcn Boyutu:<\/strong><br \/>\n30 Tablet<\/p>\n<p><strong>\u00dcr\u00fcn Faydalar\u0131:<\/strong><\/p>\n<ul>\n<li>Nutraxin 5-HTP Complex; Kafein, Ginkgo Biloba Ekstresi, 5-HTP, Magnezyum, Fosfolipitler, CoQ-10, L-Karnitin, \u00c7inko, B6 ve B12 vitamini ayr\u0131ca \u00dcz\u00fcm \u00c7ekirde\u011fi ve Biberiye Yaprak Ekstresi i\u00e7erir.<\/li>\n<\/ul>\n<p><strong>Kullan\u0131m \u015eekli:<\/strong><\/p>\n<ul>\n<li>Yeti\u015fkinler i\u00e7in takviye edici g\u0131da olarak g\u00fcnde 1 tabletin bol su ile kullan\u0131lmas\u0131 \u00f6nerilir.<\/li>\n<\/ul>\n<p><strong>\u00dcr\u00fcn Bile\u015fimi:<\/strong><br \/>\nMikrokristalin Sel\u00fcloz (E 460i), \u00c7apraz Ba\u011fl\u0131 Sodyum Karboksi Metil Sel\u00fcloz (E 468), Ya\u011f Asitlerinin Magnezyum Tuzlar\u0131 (E 470B), Silikon Dioksit (E 551), Hidroksi Propilmetil Sel\u00fcloz (E 464), Polietilen Glikol (E 1521), \u0130zomalt (E 953), Kalsiyum Karbonat (E 170).<\/p>\n<div><strong>Beslenme Referans De\u011feri:<\/strong><\/div>\n<div><strong><br \/>\n<\/strong><\/p>\n<table width=\"772\">\n<tbody>\n<tr>\n<td>5-HTP<\/td>\n<td>30 mg<\/td>\n<\/tr>\n<tr>\n<td>Fosfolipitler<\/td>\n<td>50 mg<\/td>\n<\/tr>\n<tr>\n<td>Fosfatidilkolin<\/td>\n<td><\/td>\n<\/tr>\n<tr>\n<td>Fosfatidilinositol<\/td>\n<td><\/td>\n<\/tr>\n<tr>\n<td>Fosfatidilserin<\/td>\n<td><\/td>\n<\/tr>\n<tr>\n<td>Magnezyum<\/td>\n<td>68 mg<\/td>\n<\/tr>\n<tr>\n<td>L-Karnitin<\/td>\n<td>150 mg<\/td>\n<\/tr>\n<tr>\n<td>Kafein<\/td>\n<td>50 mg<\/td>\n<\/tr>\n<tr>\n<td>Ginkgo Biloba Ekstresi<\/td>\n<td>40 mg<\/td>\n<\/tr>\n<tr>\n<td>CoQ-10<\/td>\n<td>10 mg<\/td>\n<\/tr>\n<tr>\n<td>Vitamin B6<\/td>\n<td>1,4 mg<\/td>\n<\/tr>\n<tr>\n<td>Vitamin B12<\/td>\n<td>50 mg<\/td>\n<\/tr>\n<tr>\n<td>\u00dcz\u00fcm \u00c7ekirde\u011fi Ekstresi<\/td>\n<td>10 mg<\/td>\n<\/tr>\n<tr>\n<td>Biberiye Yaprak Ekstresi<\/td>\n<td>10 mg<\/td>\n<\/tr>\n<tr>\n<td>\u00c7inko<\/td>\n<td>\n<div class=\"page-content-item product-content-item\">10 mg<\/div>\n<\/td>\n<\/tr>\n<\/tbody>\n<\/table>\n<\/div>\n","protected":false},"excerpt":{"rendered":"<p>Nutraxin 5-HTP Complex Takviye Edici G\u0131da 30 Tablet \u00dcr\u00fcn Markas\u0131: Nutraxin \u00dcr\u00fcn Boyutu: 30 Tablet \u00dcr\u00fcn Faydalar\u0131: Nutraxin 5-HTP Complex;<\/p>\n","protected":false},"featured_media":1175,"comment_status":"open","ping_status":"closed","template":"","meta":[],"product_brand":[88],"product_cat":[73],"product_tag":[],"class_list":{"0":"post-1174","1":"product","2":"type-product","3":"status-publish","4":"has-post-thumbnail","6":"product_brand-nutraxin","7":"product_cat-vitaminler","9":"first","10":"instock","11":"shipping-taxable","12":"purchasable","13":"product-type-simple"},"_links":{"self":[{"href":"https:\/\/kentmedikalstore.com\/index.php?rest_route=\/wp\/v2\/product\/1174","targetHints":{"allow":["GET"]}}],"collection":[{"href":"https:\/\/kentmedikalstore.com\/index.php?rest_route=\/wp\/v2\/product"}],"about":[{"href":"https:\/\/kentmedikalstore.com\/index.php?rest_route=\/wp\/v2\/types\/product"}],"replies":[{"embeddable":true,"href":"https:\/\/kentmedikalstore.com\/index.php?rest_route=%2Fwp%2Fv2%2Fcomments&post=1174"}],"wp:featuredmedia":[{"embeddable":true,"href":"https:\/\/kentmedikalstore.com\/index.php?rest_route=\/wp\/v2\/media\/1175"}],"wp:attachment":[{"href":"https:\/\/kentmedikalstore.com\/index.php?rest_route=%2Fwp%2Fv2%2Fmedia&parent=1174"}],"wp:term":[{"taxonomy":"product_brand","embeddable":true,"href":"https:\/\/kentmedikalstore.com\/index.php?rest_route=%2Fwp%2Fv2%2Fproduct_brand&post=1174"},{"taxonomy":"product_cat","embeddable":true,"href":"https:\/\/kentmedikalstore.com\/index.php?rest_route=%2Fwp%2Fv2%2Fproduct_cat&post=1174"},{"taxonomy":"product_tag","embeddable":true,"href":"https:\/\/kentmedikalstore.com\/index.php?rest_route=%2Fwp%2Fv2%2Fproduct_tag&post=1174"}],"curies":[{"name":"wp","href":"https:\/\/api.w.org\/{rel}","templated":true}]}}