{"id":1171,"date":"2026-02-27T19:56:37","date_gmt":"2026-02-27T19:56:37","guid":{"rendered":"https:\/\/kentmedikalstore.com\/?post_type=product&#038;p=1171"},"modified":"2026-02-27T19:56:37","modified_gmt":"2026-02-27T19:56:37","slug":"velavit-v-mens-daily-takviye-edici-gida-30-tablet","status":"publish","type":"product","link":"https:\/\/kentmedikalstore.com\/?product=velavit-v-mens-daily-takviye-edici-gida-30-tablet","title":{"rendered":"Velavit V-Mens Daily Takviye Edici G\u0131da 30 Tablet"},"content":{"rendered":"<h2><strong>Velavit V-Mens Daily Takviye Edici G\u0131da 30 Tablet<\/strong><\/h2>\n<p><strong>\u00dcr\u00fcn Ad\u0131:<\/strong><br \/>\nVelavit V-Mens Daily Dietary Supllement 30 Tablet<\/p>\n<p><strong>\u00dcr\u00fcn Markas\u0131:<\/strong><br \/>\nVelavit<\/p>\n<p><strong>\u00dcr\u00fcn Boyutu:<\/strong><br \/>\n30 Tablet<\/p>\n<p><strong>\u00d6zet Bilgi:<\/strong><br \/>\nErkekler i\u00e7in takviye edici g\u0131da.<\/p>\n<p><strong>\u00dcr\u00fcn Bilgisi:<\/strong><\/p>\n<p>L-Arjinin, L-Glutamin, L-Karnitin ve Taurin amino asitleri bir arada.<\/p>\n<p>K\u0131rm\u0131z\u0131 Kore Ginseng\u2019i (Panax ginseng) ile .<\/p>\n<p>Saw palmetto (cu\u0308ce palmiye), Is\u0131rgan otu, Pygeum bitki ekstreleri bir arada.<\/p>\n<p>15 mg C\u0327inko ile zenginles\u0327tirilmis\u0327 formu\u0308l.<\/p>\n<p>Vejetaryenlerin kullan\u0131m\u0131na uygun.<\/p>\n<p><strong>Kullan\u0131m \u015eekli:<\/strong><br \/>\nYeti\u015fkinler i\u00e7in g\u00fcnde 1 tablet yemek sonras\u0131 tavsiye edilir.\u200b<\/p>\n<table border=\"1\" cellpadding=\"5\">\n<tbody>\n<tr>\n<td><strong>Adet \/ Form<\/strong><\/td>\n<td><strong>Kimler \u0130\u00e7in<\/strong><\/td>\n<td><strong>Kullan\u0131m \u015eekli<\/strong><\/td>\n<\/tr>\n<tr>\n<td>30 Tablet<\/td>\n<td>Yeti\u015fkinler<\/td>\n<td>G\u00fcnde 1 Tablet<br \/>\n<strong>Yemek Sonras\u0131<\/strong><\/td>\n<\/tr>\n<tr>\n<td colspan=\"2\"><\/td>\n<td><strong>1 Tablette<\/strong><\/td>\n<\/tr>\n<tr>\n<td colspan=\"2\">A Vitamini (Bela Karoton)<\/td>\n<td>120 \u00b5g<\/td>\n<\/tr>\n<tr>\n<td colspan=\"2\">B1 Vitamini<\/td>\n<td>4,4 mg<\/td>\n<\/tr>\n<tr>\n<td colspan=\"2\">B2 Vitamini<\/td>\n<td>5,6 mg<\/td>\n<\/tr>\n<tr>\n<td colspan=\"2\">B3 Vitamini<\/td>\n<td>15 mg<\/td>\n<\/tr>\n<tr>\n<td colspan=\"2\">B5 Vitamini<\/td>\n<td>10 mg<\/td>\n<\/tr>\n<tr>\n<td colspan=\"2\">B6 Vitamini<\/td>\n<td>5 mg<\/td>\n<\/tr>\n<tr>\n<td colspan=\"2\">B12 Vitamini<\/td>\n<td>10 \u00b5g<\/td>\n<\/tr>\n<tr>\n<td colspan=\"2\">C Vitamini<\/td>\n<td>150 mg<\/td>\n<\/tr>\n<tr>\n<td colspan=\"2\">D3 Vitamini<\/td>\n<td>10 \u00b5g (400 IU)<\/td>\n<\/tr>\n<tr>\n<td colspan=\"2\">E Vitamini<\/td>\n<td>20,1 mg<\/td>\n<\/tr>\n<tr>\n<td colspan=\"2\">K Vitamini<\/td>\n<td>40 \u00b5g<\/td>\n<\/tr>\n<tr>\n<td colspan=\"2\">Folik Asit<\/td>\n<td>200 \u00b5g<\/td>\n<\/tr>\n<tr>\n<td colspan=\"2\">Biotin<\/td>\n<td>150 \u00b5g<\/td>\n<\/tr>\n<tr>\n<td colspan=\"2\">Kalsiyum<\/td>\n<td>120 mg<\/td>\n<\/tr>\n<tr>\n<td colspan=\"2\">Magnezyum<\/td>\n<td>100 mg<\/td>\n<\/tr>\n<tr>\n<td colspan=\"2\">\u00c7inko<\/td>\n<td>15 mg<\/td>\n<\/tr>\n<tr>\n<td colspan=\"2\">Krom<\/td>\n<td>60 \u00b5g<\/td>\n<\/tr>\n<tr>\n<td colspan=\"2\">Selenyum<\/td>\n<td>50 \u00b5g<\/td>\n<\/tr>\n<tr>\n<td colspan=\"2\">Bor<\/td>\n<td>1 mg\u200b<\/td>\n<\/tr>\n<tr>\n<td colspan=\"2\">Molibden<\/td>\n<td>30 \u00b5g<\/td>\n<\/tr>\n<tr>\n<td colspan=\"2\">Manganez<\/td>\n<td>1 mg<\/td>\n<\/tr>\n<tr>\n<td colspan=\"2\">Bak\u0131r<\/td>\n<td>1 mg<\/td>\n<\/tr>\n<tr>\n<td colspan=\"2\">\u0130yot<\/td>\n<td>50 \u00b5g<\/td>\n<\/tr>\n<tr>\n<td colspan=\"2\">L-arjinin<\/td>\n<td>25 mg<\/td>\n<\/tr>\n<tr>\n<td colspan=\"2\">L-glutamin<\/td>\n<td>25 mg<\/td>\n<\/tr>\n<tr>\n<td colspan=\"2\">L-karnitin<\/td>\n<td>5 mg<\/td>\n<\/tr>\n<tr>\n<td colspan=\"2\">Taurin<\/td>\n<td>5 mg<\/td>\n<\/tr>\n<tr>\n<td colspan=\"2\">Alfa lipoik asit<\/td>\n<td>10 mg<\/td>\n<\/tr>\n<tr>\n<td colspan=\"2\">Kolin<\/td>\n<td>5 mg<\/td>\n<\/tr>\n<tr>\n<td colspan=\"2\">\u0130nositol<\/td>\n<td>5 mg<\/td>\n<\/tr>\n<tr>\n<td colspan=\"2\">Silisyum<\/td>\n<td>2 mg<\/td>\n<\/tr>\n<tr>\n<td colspan=\"2\">Lutein<\/td>\n<td>1 mg<\/td>\n<\/tr>\n<tr>\n<td colspan=\"2\">Likopen<\/td>\n<td>1 mg<\/td>\n<\/tr>\n<tr>\n<td colspan=\"2\">Zeaksantin<\/td>\n<td>0,2 mg<\/td>\n<\/tr>\n<tr>\n<td colspan=\"2\">Astaksantin<\/td>\n<td>0,025 mg<\/td>\n<\/tr>\n<tr>\n<td colspan=\"2\">Balkaba\u011f\u0131 tohum ekstresi<\/td>\n<td>10 mg<\/td>\n<\/tr>\n<tr>\n<td colspan=\"2\">K\u0131rm\u0131z\u0131 Kore Ginseng k\u00f6k ekstresi<\/td>\n<td>10 mg<\/td>\n<\/tr>\n<tr>\n<td colspan=\"2\">Is\u0131rgan k\u00f6k ekstresi<\/td>\n<td>5 mg<\/td>\n<\/tr>\n<tr>\n<td colspan=\"2\">Prunus africanum kabuk ekstresi<\/td>\n<td>5 mg<\/td>\n<\/tr>\n<tr>\n<td colspan=\"2\">\u00dcz\u00fcm tohum ekstresi<\/td>\n<td>0,5 mg<\/td>\n<\/tr>\n<tr>\n<td colspan=\"2\">Zerde\u00e7al k\u00f6k ekstresi<\/td>\n<td>0,25 mg<\/td>\n<\/tr>\n<tr>\n<td colspan=\"2\">G\u00fcce palmiye meyve ekstresi<\/td>\n<td>10 mg<\/td>\n<\/tr>\n<\/tbody>\n<\/table>\n","protected":false},"excerpt":{"rendered":"<p>Erkekler i\u00e7in takviye edici g\u0131da<\/p>\n","protected":false},"featured_media":1172,"comment_status":"open","ping_status":"closed","template":"","meta":[],"product_brand":[87],"product_cat":[73],"product_tag":[],"class_list":{"0":"post-1171","1":"product","2":"type-product","3":"status-publish","4":"has-post-thumbnail","6":"product_brand-velavit","7":"product_cat-vitaminler","9":"first","10":"instock","11":"shipping-taxable","12":"purchasable","13":"product-type-simple"},"_links":{"self":[{"href":"https:\/\/kentmedikalstore.com\/index.php?rest_route=\/wp\/v2\/product\/1171","targetHints":{"allow":["GET"]}}],"collection":[{"href":"https:\/\/kentmedikalstore.com\/index.php?rest_route=\/wp\/v2\/product"}],"about":[{"href":"https:\/\/kentmedikalstore.com\/index.php?rest_route=\/wp\/v2\/types\/product"}],"replies":[{"embeddable":true,"href":"https:\/\/kentmedikalstore.com\/index.php?rest_route=%2Fwp%2Fv2%2Fcomments&post=1171"}],"wp:featuredmedia":[{"embeddable":true,"href":"https:\/\/kentmedikalstore.com\/index.php?rest_route=\/wp\/v2\/media\/1172"}],"wp:attachment":[{"href":"https:\/\/kentmedikalstore.com\/index.php?rest_route=%2Fwp%2Fv2%2Fmedia&parent=1171"}],"wp:term":[{"taxonomy":"product_brand","embeddable":true,"href":"https:\/\/kentmedikalstore.com\/index.php?rest_route=%2Fwp%2Fv2%2Fproduct_brand&post=1171"},{"taxonomy":"product_cat","embeddable":true,"href":"https:\/\/kentmedikalstore.com\/index.php?rest_route=%2Fwp%2Fv2%2Fproduct_cat&post=1171"},{"taxonomy":"product_tag","embeddable":true,"href":"https:\/\/kentmedikalstore.com\/index.php?rest_route=%2Fwp%2Fv2%2Fproduct_tag&post=1171"}],"curies":[{"name":"wp","href":"https:\/\/api.w.org\/{rel}","templated":true}]}}