{"id":1169,"date":"2026-02-27T19:53:59","date_gmt":"2026-02-27T19:53:59","guid":{"rendered":"https:\/\/kentmedikalstore.com\/?post_type=product&#038;p=1169"},"modified":"2026-02-27T19:54:00","modified_gmt":"2026-02-27T19:54:00","slug":"velavit-v-d3k2-damla-20-ml","status":"publish","type":"product","link":"https:\/\/kentmedikalstore.com\/?product=velavit-v-d3k2-damla-20-ml","title":{"rendered":"Velavit V-D3K2 Damla 20 ml"},"content":{"rendered":"<h2>Velavit V-D3K2 Damla 20 ml<\/h2>\n<p><strong>\u00dcr\u00fcn Markas\u0131:<\/strong><br \/>\nVelavit V<\/p>\n<p><strong>\u00dcr\u00fcn Boyutu:<\/strong><br \/>\n20 ml<\/p>\n<p><strong>\u00d6zet Bilgi:<\/strong><br \/>\nD3K2 Vitamin Damlas\u0131<\/p>\n<p><strong>Kullan\u0131m \u015eekli:<\/strong><\/p>\n<ul>\n<li>4-10 ya\u015f aras\u0131 \u00e7ocuklar i\u00e7in g\u00fcnde 1 damla \u00f6nerilir.<\/li>\n<li>11 ya\u015f ve \u00fczeri bireyler i\u00e7in g\u00fcnde 2 damla kullan\u0131lmas\u0131 tavsiye edilir.<\/li>\n<li>G\u00fcnl\u00fck \u00f6nerilen miktar do\u011frudan dil alt\u0131na damlat\u0131larak veya su, s\u00fct ya da meyve suyu ile kar\u0131\u015ft\u0131r\u0131larak t\u00fcketilebilir.<\/li>\n<li>Tercihen yemeklerle birlikte kullan\u0131lmas\u0131 \u00f6nerilir.<\/li>\n<\/ul>\n","protected":false},"excerpt":{"rendered":"<ul>\n<li>D3K2 Vitamini i\u00e7eren takviye edici g\u0131da.<\/li>\n<\/ul>\n","protected":false},"featured_media":1170,"comment_status":"open","ping_status":"closed","template":"","meta":[],"product_brand":[87],"product_cat":[73],"product_tag":[],"class_list":{"0":"post-1169","1":"product","2":"type-product","3":"status-publish","4":"has-post-thumbnail","6":"product_brand-velavit","7":"product_cat-vitaminler","9":"first","10":"instock","11":"shipping-taxable","12":"purchasable","13":"product-type-simple"},"_links":{"self":[{"href":"https:\/\/kentmedikalstore.com\/index.php?rest_route=\/wp\/v2\/product\/1169","targetHints":{"allow":["GET"]}}],"collection":[{"href":"https:\/\/kentmedikalstore.com\/index.php?rest_route=\/wp\/v2\/product"}],"about":[{"href":"https:\/\/kentmedikalstore.com\/index.php?rest_route=\/wp\/v2\/types\/product"}],"replies":[{"embeddable":true,"href":"https:\/\/kentmedikalstore.com\/index.php?rest_route=%2Fwp%2Fv2%2Fcomments&post=1169"}],"wp:featuredmedia":[{"embeddable":true,"href":"https:\/\/kentmedikalstore.com\/index.php?rest_route=\/wp\/v2\/media\/1170"}],"wp:attachment":[{"href":"https:\/\/kentmedikalstore.com\/index.php?rest_route=%2Fwp%2Fv2%2Fmedia&parent=1169"}],"wp:term":[{"taxonomy":"product_brand","embeddable":true,"href":"https:\/\/kentmedikalstore.com\/index.php?rest_route=%2Fwp%2Fv2%2Fproduct_brand&post=1169"},{"taxonomy":"product_cat","embeddable":true,"href":"https:\/\/kentmedikalstore.com\/index.php?rest_route=%2Fwp%2Fv2%2Fproduct_cat&post=1169"},{"taxonomy":"product_tag","embeddable":true,"href":"https:\/\/kentmedikalstore.com\/index.php?rest_route=%2Fwp%2Fv2%2Fproduct_tag&post=1169"}],"curies":[{"name":"wp","href":"https:\/\/api.w.org\/{rel}","templated":true}]}}