{"id":1159,"date":"2026-02-27T19:30:15","date_gmt":"2026-02-27T19:30:15","guid":{"rendered":"https:\/\/kentmedikalstore.com\/?post_type=product&#038;p=1159"},"modified":"2026-02-27T19:30:15","modified_gmt":"2026-02-27T19:30:15","slug":"solgar-coenzyme-q-10-30-mg-30-kapsul","status":"publish","type":"product","link":"https:\/\/kentmedikalstore.com\/?product=solgar-coenzyme-q-10-30-mg-30-kapsul","title":{"rendered":"Solgar Coenzyme Q-10 30 mg 30 Kaps\u00fcl"},"content":{"rendered":"<h2><strong>Solgar Coenzyme Q-10 30 mg 30 Kaps\u00fcl<\/strong><\/h2>\n<p><strong>\u00dcr\u00fcn Ad\u0131:<\/strong><br \/>\nSolgar Coenzyme Q-10 30 mg 30 Kaps\u00fcl<\/p>\n<p><strong>\u00dcr\u00fcn Markas\u0131:<\/strong><br \/>\nSolgar<\/p>\n<p><strong>\u00dcr\u00fcn Boyutu:<\/strong><br \/>\n30 Kaps\u00fcl<\/p>\n<p><strong>\u00d6zet Bilgi:<\/strong><br \/>\n30 mg Koenzim Q-10 i\u00e7eren kaps\u00fcl formundaki takviyedir.<\/p>\n<p><strong>\u00dcr\u00fcn Bilgileri:<\/strong><br \/>\nMaya, bu\u011fday, gl\u00fcten, soya ve s\u00fct \u00fcr\u00fcnleri gibi potansiyel alerjenleri i\u00e7ermez.<br \/>\nRenklendirici, yapay aroma, tatland\u0131r\u0131c\u0131 ve koruyucular kullan\u0131lmam\u0131\u015ft\u0131r.<br \/>\nVegan ve vejetaryen bireylerin kullan\u0131m\u0131na da uygundur.<\/p>\n<p><strong>Kullan\u0131m \u015eekli:<\/strong><br \/>\nYeti\u015fkinler i\u00e7in, tercihen yemek zaman\u0131, g\u00fcnde bir (1) kaps\u00fcl.<br \/>\nBol su ile al\u0131n\u0131z.<\/p>\n<p><strong>\u00dcr\u00fcn Bile\u015fimi:<\/strong><br \/>\nHacim artt\u0131r\u0131c\u0131 (mikrokristalin sel\u00fcloz), kaps\u00fcl (hidroksipropilmetil sel\u00fcloz), topaklanmay\u0131 \u00f6nleyiciler (ya\u011f asitlerinin magnezyum tuzlar\u0131, silikon dioksit).<\/p>\n","protected":false},"excerpt":{"rendered":"<p>30 mg Koenzim Q-10 i\u00e7eren kaps\u00fcl formundaki takviyedir.<\/p>\n","protected":false},"featured_media":1160,"comment_status":"open","ping_status":"closed","template":"","meta":[],"product_brand":[84],"product_cat":[73],"product_tag":[],"class_list":{"0":"post-1159","1":"product","2":"type-product","3":"status-publish","4":"has-post-thumbnail","6":"product_brand-solgar","7":"product_cat-vitaminler","9":"first","10":"instock","11":"shipping-taxable","12":"purchasable","13":"product-type-simple"},"_links":{"self":[{"href":"https:\/\/kentmedikalstore.com\/index.php?rest_route=\/wp\/v2\/product\/1159","targetHints":{"allow":["GET"]}}],"collection":[{"href":"https:\/\/kentmedikalstore.com\/index.php?rest_route=\/wp\/v2\/product"}],"about":[{"href":"https:\/\/kentmedikalstore.com\/index.php?rest_route=\/wp\/v2\/types\/product"}],"replies":[{"embeddable":true,"href":"https:\/\/kentmedikalstore.com\/index.php?rest_route=%2Fwp%2Fv2%2Fcomments&post=1159"}],"wp:featuredmedia":[{"embeddable":true,"href":"https:\/\/kentmedikalstore.com\/index.php?rest_route=\/wp\/v2\/media\/1160"}],"wp:attachment":[{"href":"https:\/\/kentmedikalstore.com\/index.php?rest_route=%2Fwp%2Fv2%2Fmedia&parent=1159"}],"wp:term":[{"taxonomy":"product_brand","embeddable":true,"href":"https:\/\/kentmedikalstore.com\/index.php?rest_route=%2Fwp%2Fv2%2Fproduct_brand&post=1159"},{"taxonomy":"product_cat","embeddable":true,"href":"https:\/\/kentmedikalstore.com\/index.php?rest_route=%2Fwp%2Fv2%2Fproduct_cat&post=1159"},{"taxonomy":"product_tag","embeddable":true,"href":"https:\/\/kentmedikalstore.com\/index.php?rest_route=%2Fwp%2Fv2%2Fproduct_tag&post=1159"}],"curies":[{"name":"wp","href":"https:\/\/api.w.org\/{rel}","templated":true}]}}