{"id":1155,"date":"2026-02-27T19:21:51","date_gmt":"2026-02-27T19:21:51","guid":{"rendered":"https:\/\/kentmedikalstore.com\/?post_type=product&#038;p=1155"},"modified":"2026-02-27T19:21:51","modified_gmt":"2026-02-27T19:21:51","slug":"solgar-5-htp-30-kapsul","status":"publish","type":"product","link":"https:\/\/kentmedikalstore.com\/?product=solgar-5-htp-30-kapsul","title":{"rendered":"Solgar 5-HTP 30 Kaps\u00fcl"},"content":{"rendered":"<h2><strong>Solgar 5-HTP 30 Kaps\u00fcl<\/strong><\/h2>\n<p><strong>\u00dcr\u00fcn Ad\u0131:<\/strong><br \/>\nSolgar 5-HTP 30 Kaps\u00fcl<\/p>\n<p><strong>\u00dcr\u00fcn Markas\u0131:<\/strong><br \/>\nSolgar<\/p>\n<p><strong>\u00dcr\u00fcn Boyutu:<\/strong><br \/>\n30 Kaps\u00fcl<\/p>\n<p><strong>\u00d6zet Bilgi:<\/strong><br \/>\n5-Hidroksi L-Triptofan, Valerian k\u00f6k ekstresi ve y\u00fcksek oranda B6 vitamini i\u00e7eren takviye edici g\u0131da.<\/p>\n<p><b>Uyar\u0131lar:<\/b><\/p>\n<ul>\n<li><strong>\u0130la\u00e7 De\u011fildir:\u00a0<\/strong>Hastal\u0131klar\u0131n \u00f6nlenmesi veya tedavi edilmesi amac\u0131yla kullan\u0131lmaz.<\/li>\n<li>Takviye edici g\u0131dalar normal beslenmenin yerine ge\u00e7emez.<\/li>\n<li>Hastal\u0131k veya ila\u00e7 kullan\u0131lmas\u0131 durumunda doktorunuza dan\u0131\u015f\u0131n.<\/li>\n<\/ul>\n<p><b>Takviye edici G\u0131da Onay Numaras\u0131:<br \/>\n<\/b>001022-16.06.2016<\/p>\n<p><b>Men\u015fe \u00dclke:<br \/>\n<\/b>Amerika Birle\u015fik Devletleri<\/p>\n<p><strong>Kullan\u0131m \u015eekli:<\/strong><br \/>\nYeti\u015fkinler i\u00e7in, tercihen yemek zaman\u0131, g\u00fcnde bir (1) kaps\u00fcl.<br \/>\nBol su ile al\u0131n\u0131z.<\/p>\n<p><strong>\u00dcr\u00fcn Bile\u015fim Tablosu:<\/strong><\/p>\n<table border=\"1\" cellspacing=\"0\" cellpadding=\"0\">\n<colgroup>\n<col width=\"256\" \/>\n<col width=\"128\" \/>\n<col width=\"64\" \/><\/colgroup>\n<tbody>\n<tr>\n<td height=\"20\"><strong>Takviye Edici G\u0131da Profili<\/strong><\/td>\n<td><strong>1 kaps\u00fclde<\/strong><\/td>\n<td><strong>%BRD*<\/strong><\/td>\n<\/tr>\n<tr>\n<td height=\"20\">Vitamin B6<\/td>\n<td>10 mg<\/td>\n<td align=\"right\">714<\/td>\n<\/tr>\n<tr>\n<td height=\"20\">5-Hidroksitriptofan<\/td>\n<td>100 mg<\/td>\n<td><\/td>\n<\/tr>\n<tr>\n<td class=\"xl63\" height=\"59\">Valerian k\u00f6k ekstresi (4:1)<br \/>\n(Valeriana officinalis)<\/td>\n<td>100 mg<\/td>\n<td><\/td>\n<\/tr>\n<\/tbody>\n<\/table>\n<p><strong>Beslenme Referans De\u011feri ve \u0130\u00e7erik :<\/strong><br \/>\nKaps\u00fcl (hidroksipropilmetil sel\u00fcloz), magnezyum oksit, hacim artt\u0131r\u0131c\u0131 (mikrokristalin sel\u00fcloz), magnezyum bisglisinat, topaklanmay\u0131 \u00f6nleyici (ya\u011f asitlerinin magnezyum tuzlar\u0131).<\/p>\n","protected":false},"excerpt":{"rendered":"<p>5-Hidroksi L-Triptofan, Valerian k\u00f6k ekstresi ve y\u00fcksek oranda B6 vitamini i\u00e7eren takviye edici g\u0131da.<\/p>\n","protected":false},"featured_media":1156,"comment_status":"open","ping_status":"closed","template":"","meta":[],"product_brand":[84],"product_cat":[73],"product_tag":[],"class_list":{"0":"post-1155","1":"product","2":"type-product","3":"status-publish","4":"has-post-thumbnail","6":"product_brand-solgar","7":"product_cat-vitaminler","9":"first","10":"instock","11":"shipping-taxable","12":"purchasable","13":"product-type-simple"},"_links":{"self":[{"href":"https:\/\/kentmedikalstore.com\/index.php?rest_route=\/wp\/v2\/product\/1155","targetHints":{"allow":["GET"]}}],"collection":[{"href":"https:\/\/kentmedikalstore.com\/index.php?rest_route=\/wp\/v2\/product"}],"about":[{"href":"https:\/\/kentmedikalstore.com\/index.php?rest_route=\/wp\/v2\/types\/product"}],"replies":[{"embeddable":true,"href":"https:\/\/kentmedikalstore.com\/index.php?rest_route=%2Fwp%2Fv2%2Fcomments&post=1155"}],"wp:featuredmedia":[{"embeddable":true,"href":"https:\/\/kentmedikalstore.com\/index.php?rest_route=\/wp\/v2\/media\/1156"}],"wp:attachment":[{"href":"https:\/\/kentmedikalstore.com\/index.php?rest_route=%2Fwp%2Fv2%2Fmedia&parent=1155"}],"wp:term":[{"taxonomy":"product_brand","embeddable":true,"href":"https:\/\/kentmedikalstore.com\/index.php?rest_route=%2Fwp%2Fv2%2Fproduct_brand&post=1155"},{"taxonomy":"product_cat","embeddable":true,"href":"https:\/\/kentmedikalstore.com\/index.php?rest_route=%2Fwp%2Fv2%2Fproduct_cat&post=1155"},{"taxonomy":"product_tag","embeddable":true,"href":"https:\/\/kentmedikalstore.com\/index.php?rest_route=%2Fwp%2Fv2%2Fproduct_tag&post=1155"}],"curies":[{"name":"wp","href":"https:\/\/api.w.org\/{rel}","templated":true}]}}