{"id":1146,"date":"2026-02-27T13:24:16","date_gmt":"2026-02-27T13:24:16","guid":{"rendered":"https:\/\/kentmedikalstore.com\/?post_type=product&#038;p=1146"},"modified":"2026-02-27T18:55:20","modified_gmt":"2026-02-27T18:55:20","slug":"dinamis-5-htp-complex-takviye-edici-gida-60-kapsul","status":"publish","type":"product","link":"https:\/\/kentmedikalstore.com\/?product=dinamis-5-htp-complex-takviye-edici-gida-60-kapsul","title":{"rendered":"Dinamis 5-Htp Complex Takviye Edici G\u0131da 60 Kaps\u00fcl"},"content":{"rendered":"<ul class=\"uk-accordion\">\n<li class=\"uk-open\"><a class=\"uk-accordion-title\" href=\"https:\/\/www.dinamis.com.tr\/urunler\/ozel-takviyeler\/5-hidroksitriptofan\/?ysclid=mm4wwsndr9442716195#\" aria-expanded=\"true\">\u00dcr\u00fcn Bile\u015fenleri<\/a>\n<div class=\"uk-accordion-content\">\n<ul class=\"feature-list\">\n<li class=\" \">\n<div class=\"col-all\">\n<p>Hacim Art\u0131r\u0131c\u0131 (Mikrokristalin Sel\u00fcloz), 5-Hidroksitriptofan, Jelatin Kaps\u00fcl<br \/>\n(S\u0131\u011f\u0131r Jelatini), Magnezyum Oksit, L-Askorbik Asit, \u00c7inko S\u00fclfat, Topaklanmay\u0131 \u00d6nleyici (Ya\u011f Asitlerinin Magnezyum Tuzlar\u0131, Silikon Dioksit)<\/p>\n<\/div>\n<\/li>\n<\/ul>\n<\/div>\n<\/li>\n<li class=\"uk-open\"><a class=\"uk-accordion-title\" href=\"https:\/\/www.dinamis.com.tr\/urunler\/ozel-takviyeler\/5-hidroksitriptofan\/?ysclid=mm4wwsndr9442716195#\" aria-expanded=\"true\">Tavsiye Edilen G\u00fcnl\u00fck Al\u0131m Dozu<\/a>\n<div class=\"uk-accordion-content\">\n<ul class=\"feature-list\">\n<li class=\" header muted-background\">\n<div class=\"col-1\">\n<p>Paket \u0130\u00e7i Miktar<\/p>\n<\/div>\n<div class=\"col-2\">\n<p>Dozu<\/p>\n<\/div>\n<\/li>\n<li>\n<div class=\"col-1\">\n<p>60 Kaps\u00fcl<\/p>\n<\/div>\n<div class=\"col-2\">\n<p>G\u00fcnde 2 (iki) kere 1 (bir) kaps\u00fcl, yemekten sonra al\u0131nmal\u0131d\u0131r.<\/p>\n<\/div>\n<\/li>\n<\/ul>\n<\/div>\n<\/li>\n<li class=\"uk-open\"><a class=\"uk-accordion-title\" href=\"https:\/\/www.dinamis.com.tr\/urunler\/ozel-takviyeler\/5-hidroksitriptofan\/?ysclid=mm4wwsndr9442716195#\" aria-expanded=\"true\">Kullan\u0131c\u0131 Grubu<\/a>\n<div class=\"uk-accordion-content\">\n<ul class=\"feature-list\">\n<li class=\" \">\n<div class=\"col-all\">\n<p>11 ya\u015f ve \u00fczeri yeti\u015fkinlerin kullan\u0131m\u0131na uygundur. Hamilelik ve emzirme d\u00f6nemlerinde veya herhangi bir hastal\u0131k ya da ila\u00e7 kullan\u0131m\u0131 s\u00f6z konusuysa doktorunuza dan\u0131\u015f\u0131n\u0131z.<\/p>\n<\/div>\n<\/li>\n<\/ul>\n<\/div>\n<\/li>\n<li class=\"uk-open\"><a class=\"uk-accordion-title\" href=\"https:\/\/www.dinamis.com.tr\/urunler\/ozel-takviyeler\/5-hidroksitriptofan\/?ysclid=mm4wwsndr9442716195#\" aria-expanded=\"true\">Muhafaza Ko\u015fullar\u0131<\/a>\n<div class=\"uk-accordion-content\">\n<ul class=\"feature-list\">\n<li class=\" \">\n<div class=\"col-all\">\n<p>\u00c7ocuklar\u0131n ula\u015famayaca\u011f\u0131 yerde saklay\u0131n\u0131z. Ambalaj\u0131 i\u00e7erisinde, kuru ve serin yerde muhafaza ediniz.<\/p>\n<\/div>\n<\/li>\n<\/ul>\n<\/div>\n<\/li>\n<\/ul>\n","protected":false},"excerpt":{"rendered":"<p>\u00dcr\u00fcn Bile\u015fenleri Hacim Art\u0131r\u0131c\u0131 (Mikrokristalin Sel\u00fcloz), 5-Hidroksitriptofan, Jelatin Kaps\u00fcl (S\u0131\u011f\u0131r Jelatini), Magnezyum Oksit, L-Askorbik Asit, \u00c7inko S\u00fclfat, Topaklanmay\u0131 \u00d6nleyici (Ya\u011f<\/p>\n","protected":false},"featured_media":1152,"comment_status":"open","ping_status":"closed","template":"","meta":[],"product_brand":[80],"product_cat":[73],"product_tag":[],"class_list":{"0":"post-1146","1":"product","2":"type-product","3":"status-publish","4":"has-post-thumbnail","6":"product_brand-dinamis","7":"product_cat-vitaminler","9":"first","10":"instock","11":"shipping-taxable","12":"purchasable","13":"product-type-simple"},"_links":{"self":[{"href":"https:\/\/kentmedikalstore.com\/index.php?rest_route=\/wp\/v2\/product\/1146","targetHints":{"allow":["GET"]}}],"collection":[{"href":"https:\/\/kentmedikalstore.com\/index.php?rest_route=\/wp\/v2\/product"}],"about":[{"href":"https:\/\/kentmedikalstore.com\/index.php?rest_route=\/wp\/v2\/types\/product"}],"replies":[{"embeddable":true,"href":"https:\/\/kentmedikalstore.com\/index.php?rest_route=%2Fwp%2Fv2%2Fcomments&post=1146"}],"wp:featuredmedia":[{"embeddable":true,"href":"https:\/\/kentmedikalstore.com\/index.php?rest_route=\/wp\/v2\/media\/1152"}],"wp:attachment":[{"href":"https:\/\/kentmedikalstore.com\/index.php?rest_route=%2Fwp%2Fv2%2Fmedia&parent=1146"}],"wp:term":[{"taxonomy":"product_brand","embeddable":true,"href":"https:\/\/kentmedikalstore.com\/index.php?rest_route=%2Fwp%2Fv2%2Fproduct_brand&post=1146"},{"taxonomy":"product_cat","embeddable":true,"href":"https:\/\/kentmedikalstore.com\/index.php?rest_route=%2Fwp%2Fv2%2Fproduct_cat&post=1146"},{"taxonomy":"product_tag","embeddable":true,"href":"https:\/\/kentmedikalstore.com\/index.php?rest_route=%2Fwp%2Fv2%2Fproduct_tag&post=1146"}],"curies":[{"name":"wp","href":"https:\/\/api.w.org\/{rel}","templated":true}]}}