{"id":1121,"date":"2026-02-26T09:58:18","date_gmt":"2026-02-26T09:58:18","guid":{"rendered":"https:\/\/kentmedikalstore.com\/?post_type=product&#038;p=1121"},"modified":"2026-02-27T19:11:14","modified_gmt":"2026-02-27T19:11:14","slug":"orzax-ocean-extramag-uclu-magnezyum-kombinasyonu-60-tablet","status":"publish","type":"product","link":"https:\/\/kentmedikalstore.com\/?product=orzax-ocean-extramag-uclu-magnezyum-kombinasyonu-60-tablet","title":{"rendered":"Orzax Ocean ExtraMag \u00dc\u00e7l\u00fc Magnezyum Kombinasyonu 60 Tablet"},"content":{"rendered":"<h2><strong>Orzax Ocean Extramag 60 Tablet<\/strong><\/h2>\n<p><strong>\u00dcr\u00fcn Ad\u0131:<\/strong><br \/>\nOrzax Ocean Extramag 60 Tablet<\/p>\n<p><strong>\u00dcr\u00fcn Markas\u0131:<\/strong><br \/>\nOrzax<\/p>\n<p><strong>\u00dcr\u00fcn Boyutu:<\/strong><br \/>\n60 Tablet<\/p>\n<p><strong>\u00d6zet Bilgi:<\/strong><br \/>\nMagnezyum malat, magnezyum bisglisinat ve magnezyum sitrat i\u00e7eren takviye edici g\u0131da<\/p>\n<p><strong>\u00dcr\u00fcn Faydalar\u0131:<\/strong><br \/>\nOcean ExtraMag\u2019\u0131n her tabletinde magnezyum malat, magnezyum bisglisinat ve magnezyum sitrattan gelen 200 mg elementel magnezyum bulunur.<br \/>\nRenklendirici i\u00e7ermez.<br \/>\nRenklendirici,gl\u00fcten,\u015feker, tatland\u0131r\u0131c\u0131,laktoz,koruyucu i\u00e7ermez.<br \/>\n<strong>Men\u015fei \u00dclke :<\/strong>T\u00fcrkiye(G\u0131dan\u0131n ana bile\u015fenlerinin men\u015fei \u00fclkesi, g\u0131da men\u015fei \u00fclkesinden farkl\u0131d\u0131r.)<\/p>\n<p><strong>Kullan\u0131m \u015eekli:<\/strong><br \/>\nKullan\u0131m \u00d6nerisi: G\u00fcnde 1 veya 2 tablet t\u00fcketilmesi \u00f6nerilir.\u00a0\u200b<\/p>\n<table class=\"product-detail-table table\">\n<thead>\n<tr>\n<th class=\"w-50\" scope=\"col\">Ad\u0131<\/th>\n<th class=\"white center w-25\" scope=\"col\">Miktar\u0131<\/th>\n<th class=\"center w-25\" scope=\"col\">*BRD<\/th>\n<\/tr>\n<\/thead>\n<tbody>\n<tr>\n<td class=\"big-p\">Magnezyum**<\/td>\n<td class=\"white center\">200 mg<\/td>\n<td class=\"center\">%53<\/td>\n<\/tr>\n<tr>\n<td id=\"ContentPlaceHolder1_tablebottomtext\" class=\"white center\" colspan=\"3\">*BRD: Beslenme Referans De\u011feri<br \/>\n**618,69 mg Magnezyum Sitrat\u2019tan gelen elementel magnezyum: 100mg<br \/>\n**354,7 mg Magnezyum Bisglisinat\u2019tan gelen elementel magnezyum: 50 mg<br \/>\n**321 mg Magnezyum Malat\u2019tan gelen elementel magnezyum: 50 mg<\/td>\n<\/tr>\n<tr>\n<td id=\"ContentPlaceHolder1_suggesttext\" colspan=\"3\">Kullan\u0131m \u00d6nerisi: G\u00fcnde 1 veya 2 tablet t\u00fcketilmesi \u00f6nerilir.<\/td>\n<\/tr>\n<\/tbody>\n<\/table>\n","protected":false},"excerpt":{"rendered":"<p>Orzax Ocean Extramag 60 Tablet \u00dcr\u00fcn Ad\u0131: Orzax Ocean Extramag 60 Tablet \u00dcr\u00fcn Markas\u0131: Orzax \u00dcr\u00fcn Boyutu: 60 Tablet \u00d6zet<\/p>\n","protected":false},"featured_media":1122,"comment_status":"open","ping_status":"closed","template":"","meta":[],"product_brand":[85],"product_cat":[73],"product_tag":[],"class_list":{"0":"post-1121","1":"product","2":"type-product","3":"status-publish","4":"has-post-thumbnail","6":"product_brand-ocean","7":"product_cat-vitaminler","9":"first","10":"instock","11":"shipping-taxable","12":"purchasable","13":"product-type-simple"},"_links":{"self":[{"href":"https:\/\/kentmedikalstore.com\/index.php?rest_route=\/wp\/v2\/product\/1121","targetHints":{"allow":["GET"]}}],"collection":[{"href":"https:\/\/kentmedikalstore.com\/index.php?rest_route=\/wp\/v2\/product"}],"about":[{"href":"https:\/\/kentmedikalstore.com\/index.php?rest_route=\/wp\/v2\/types\/product"}],"replies":[{"embeddable":true,"href":"https:\/\/kentmedikalstore.com\/index.php?rest_route=%2Fwp%2Fv2%2Fcomments&post=1121"}],"wp:featuredmedia":[{"embeddable":true,"href":"https:\/\/kentmedikalstore.com\/index.php?rest_route=\/wp\/v2\/media\/1122"}],"wp:attachment":[{"href":"https:\/\/kentmedikalstore.com\/index.php?rest_route=%2Fwp%2Fv2%2Fmedia&parent=1121"}],"wp:term":[{"taxonomy":"product_brand","embeddable":true,"href":"https:\/\/kentmedikalstore.com\/index.php?rest_route=%2Fwp%2Fv2%2Fproduct_brand&post=1121"},{"taxonomy":"product_cat","embeddable":true,"href":"https:\/\/kentmedikalstore.com\/index.php?rest_route=%2Fwp%2Fv2%2Fproduct_cat&post=1121"},{"taxonomy":"product_tag","embeddable":true,"href":"https:\/\/kentmedikalstore.com\/index.php?rest_route=%2Fwp%2Fv2%2Fproduct_tag&post=1121"}],"curies":[{"name":"wp","href":"https:\/\/api.w.org\/{rel}","templated":true}]}}