{"id":1087,"date":"2026-02-21T12:21:02","date_gmt":"2026-02-21T12:21:02","guid":{"rendered":"https:\/\/kentmedikalstore.com\/?post_type=product&#038;p=1087"},"modified":"2026-02-27T19:14:28","modified_gmt":"2026-02-27T19:14:28","slug":"solgar-d","status":"publish","type":"product","link":"https:\/\/kentmedikalstore.com\/?product=solgar-d","title":{"rendered":"Solgar Vitamin D3 1000 IU (25 \u00b5g) 100 Yumu\u015fak Jelatin Kaps\u00fcl"},"content":{"rendered":"<h2><strong>Solgar Vitamin D3 1000 IU (25 \u00b5g) 100 Yumu\u015fak Jelatin Kaps\u00fcl<\/strong><\/h2>\n<p><strong>\u00dcr\u00fcn Ad\u0131: <\/strong><br \/>\nSolgar Vitamin D3 1000 IU (25 \u00b5g) 100 Yumu\u015fak Jelatin Kaps\u00fcl<\/p>\n<p><strong>\u00dcr\u00fcn Markas\u0131: <\/strong><br \/>\nSolgar<\/p>\n<p><strong>\u00d6zet Bilgi: <\/strong><br \/>\nTek softjelde 1000 IU D3 vitamini i\u00e7eri\u011fine sahip D vitamini.<br \/>\n<strong><br \/>\nKullan\u0131m \u015eekli:<\/strong><br \/>\nYeti\u015fkinler i\u00e7in, tercihen yemek zaman\u0131, g\u00fcnde bir (1) yumu\u015fak jelatin kaps\u00fcl. Bol su ile al\u0131n\u0131z.<\/p>\n<p><strong>Uyar\u0131lar:<\/strong><\/p>\n<ul>\n<li><b><strong>\u0130la\u00e7 De\u011fildir:\u00a0<\/strong><\/b>Hastal\u0131klar\u0131n \u00f6nlenmesi veya tedavi edilmesi amac\u0131yla kullan\u0131lmaz.<\/li>\n<li>Takviye edici g\u0131dalar normal beslenmenin yerine ge\u00e7emez.<\/li>\n<li>Hastal\u0131k veya ila\u00e7 kullan\u0131lmas\u0131 durumunda doktorunuza dan\u0131\u015f\u0131n.<\/li>\n<\/ul>\n<p>&nbsp;<\/p>\n<p><b><strong>Takviye edici G\u0131da Onay Numaras\u0131:<br \/>\n<\/strong><\/b>000447-03.03.2016<\/p>\n<p><b><strong>Men\u015fe \u00dclke:<br \/>\n<\/strong><\/b>Amerika Birle\u015fik Devletleri<\/p>\n<p>&nbsp;<\/p>\n<p><strong>\u00dcr\u00fcn Bile\u015fim Tablosu:<\/strong><\/p>\n<table width=\"249pt\">\n<tbody>\n<tr>\n<td width=\"163\"><strong>Takviye Edici G\u0131da Profili<\/strong><\/td>\n<td width=\"111\"><strong>1 Kaps\u00fclde<\/strong><\/td>\n<td width=\"58\"><strong>%BRD*<\/strong><\/td>\n<\/tr>\n<tr>\n<td>Vitamin D3<\/td>\n<td>25 ug (1000 IU)<\/td>\n<td>500<\/td>\n<\/tr>\n<\/tbody>\n<\/table>\n<p><strong>\u00a0<\/strong><\/p>\n<p><strong>\u00dcr\u00fcn Bile\u015fimi: <\/strong><br \/>\nAspir ya\u011f\u0131, kaps\u00fcl (s\u0131\u011f\u0131r jelatini, jelle\u015ftirici (gliserin)).<\/p>\n","protected":false},"excerpt":{"rendered":"<p>Solgar Vitamin D3 1000 IU (25 \u00b5g) 100 Yumu\u015fak Jelatin Kaps\u00fcl \u00dcr\u00fcn Ad\u0131: Solgar Vitamin D3 1000 IU (25 \u00b5g)<\/p>\n","protected":false},"featured_media":1098,"comment_status":"open","ping_status":"closed","template":"","meta":[],"product_brand":[84],"product_cat":[73],"product_tag":[],"class_list":{"0":"post-1087","1":"product","2":"type-product","3":"status-publish","4":"has-post-thumbnail","6":"product_brand-solgar","7":"product_cat-vitaminler","9":"first","10":"instock","11":"shipping-taxable","12":"product-type-simple"},"_links":{"self":[{"href":"https:\/\/kentmedikalstore.com\/index.php?rest_route=\/wp\/v2\/product\/1087","targetHints":{"allow":["GET"]}}],"collection":[{"href":"https:\/\/kentmedikalstore.com\/index.php?rest_route=\/wp\/v2\/product"}],"about":[{"href":"https:\/\/kentmedikalstore.com\/index.php?rest_route=\/wp\/v2\/types\/product"}],"replies":[{"embeddable":true,"href":"https:\/\/kentmedikalstore.com\/index.php?rest_route=%2Fwp%2Fv2%2Fcomments&post=1087"}],"wp:featuredmedia":[{"embeddable":true,"href":"https:\/\/kentmedikalstore.com\/index.php?rest_route=\/wp\/v2\/media\/1098"}],"wp:attachment":[{"href":"https:\/\/kentmedikalstore.com\/index.php?rest_route=%2Fwp%2Fv2%2Fmedia&parent=1087"}],"wp:term":[{"taxonomy":"product_brand","embeddable":true,"href":"https:\/\/kentmedikalstore.com\/index.php?rest_route=%2Fwp%2Fv2%2Fproduct_brand&post=1087"},{"taxonomy":"product_cat","embeddable":true,"href":"https:\/\/kentmedikalstore.com\/index.php?rest_route=%2Fwp%2Fv2%2Fproduct_cat&post=1087"},{"taxonomy":"product_tag","embeddable":true,"href":"https:\/\/kentmedikalstore.com\/index.php?rest_route=%2Fwp%2Fv2%2Fproduct_tag&post=1087"}],"curies":[{"name":"wp","href":"https:\/\/api.w.org\/{rel}","templated":true}]}}